{"id":9,"date":"2024-12-22T08:53:47","date_gmt":"2024-12-22T08:53:47","guid":{"rendered":"https:\/\/aytens.com\/magaza\/index.php\/sepet\/"},"modified":"2024-12-22T17:56:47","modified_gmt":"2024-12-22T14:56:47","slug":"sepet","status":"publish","type":"page","link":"https:\/\/aytens.com\/magaza\/sepet\/","title":{"rendered":"Sepet"},"content":{"rendered":"\n<div data-block-name=\"woocommerce\/cart\" class=\"wp-block-woocommerce-cart alignwide is-loading\">\n<div data-block-name=\"woocommerce\/filled-cart-block\" class=\"wp-block-woocommerce-filled-cart-block\">\n<div data-block-name=\"woocommerce\/cart-items-block\" class=\"wp-block-woocommerce-cart-items-block\">\n<div data-block-name=\"woocommerce\/cart-line-items-block\" class=\"wp-block-woocommerce-cart-line-items-block\"><\/div>\n\n\n\n<div data-block-name=\"woocommerce\/cart-cross-sells-block\" class=\"wp-block-woocommerce-cart-cross-sells-block\">\n<h2 class=\"wp-block-heading has-large-font-size\">\u0130lginizi \u00e7ekebilir\u2026<\/h2>\n\n\n\n<div data-block-name=\"woocommerce\/cart-cross-sells-products-block\" class=\"wp-block-woocommerce-cart-cross-sells-products-block\"><\/div>\n<\/div>\n<\/div>\n\n\n\n<div data-block-name=\"woocommerce\/cart-totals-block\" class=\"wp-block-woocommerce-cart-totals-block\">\n<div data-block-name=\"woocommerce\/cart-order-summary-block\" class=\"wp-block-woocommerce-cart-order-summary-block\">\n<div data-block-name=\"woocommerce\/cart-order-summary-heading-block\" class=\"wp-block-woocommerce-cart-order-summary-heading-block\"><\/div><div data-block-name=\"woocommerce\/cart-order-summary-coupon-form-block\" class=\"wp-block-woocommerce-cart-order-summary-coupon-form-block\"><\/div><div data-block-name=\"woocommerce\/cart-order-summary-totals-block\" class=\"wp-block-woocommerce-cart-order-summary-totals-block\">\n<div data-block-name=\"woocommerce\/cart-order-summary-subtotal-block\" class=\"wp-block-woocommerce-cart-order-summary-subtotal-block\"><\/div>\n<div data-block-name=\"woocommerce\/cart-order-summary-discount-block\" class=\"wp-block-woocommerce-cart-order-summary-discount-block\"><\/div>\n<div data-block-name=\"woocommerce\/cart-order-summary-fee-block\" class=\"wp-block-woocommerce-cart-order-summary-fee-block\"><\/div>\n<div data-block-name=\"woocommerce\/cart-order-summary-shipping-block\" class=\"wp-block-woocommerce-cart-order-summary-shipping-block\"><\/div>\n<div data-block-name=\"woocommerce\/cart-order-summary-taxes-block\" class=\"wp-block-woocommerce-cart-order-summary-taxes-block\"><\/div><\/div>\n<\/div>\n\n\n\n<div data-block-name=\"woocommerce\/cart-express-payment-block\" class=\"wp-block-woocommerce-cart-express-payment-block\"><\/div>\n\n\n\n<div data-block-name=\"woocommerce\/proceed-to-checkout-block\" class=\"wp-block-woocommerce-proceed-to-checkout-block\"><\/div>\n\n\n\n<div data-block-name=\"woocommerce\/cart-accepted-payment-methods-block\" class=\"wp-block-woocommerce-cart-accepted-payment-methods-block\"><\/div>\n<\/div>\n<\/div>\n\n\n\n<div data-block-name=\"woocommerce\/empty-cart-block\" class=\"wp-block-woocommerce-empty-cart-block\">\n<h2 class=\"wp-block-heading has-text-align-center with-empty-cart-icon wc-block-cart__empty-cart__title\">Sepetiniz \u015fu anda bo\u015f!<\/h2>\n\n\n\n<hr class=\"wp-block-separator has-alpha-channel-opacity is-style-dots\"\/>\n\n\n\n<h2 class=\"wp-block-heading has-text-align-center\">Ma\u011fazada yeni<\/h2>\n\n\n<div data-block-name=\"woocommerce\/product-new\" data-columns=\"4\" data-rows=\"1\" class=\"wc-block-grid wp-block-product-new wp-block-woocommerce-product-new wc-block-product-new has-4-columns\"><ul class=\"wc-block-grid__products\"><li class=\"wc-block-grid__product\">\n\t\t\t\t<a href=\"https:\/\/aytens.com\/magaza\/urun\/gercek-barok-incili-dorika-detayli-paslanmaz-celik-uzun-kolye-gumus-renk\/\" class=\"wc-block-grid__product-link\">\n\t\t\t\t\t\n\t\t\t\t\t<div class=\"wc-block-grid__product-image\"><img loading=\"lazy\" decoding=\"async\" width=\"450\" height=\"450\" src=\"https:\/\/aytens.com\/magaza\/wp-content\/uploads\/2026\/01\/AYT001INCI0024_1-450x450.png\" class=\"attachment-woocommerce_thumbnail size-woocommerce_thumbnail\" alt=\"Ger\u00e7ek Barok \u0130ncili Dorika Detayl\u0131 Paslanmaz \u00c7elik Uzun Kolye, G\u00fcm\u00fc\u015f Renk\" srcset=\"https:\/\/aytens.com\/magaza\/wp-content\/uploads\/2026\/01\/AYT001INCI0024_1-450x450.png 450w, https:\/\/aytens.com\/magaza\/wp-content\/uploads\/2026\/01\/AYT001INCI0024_1-150x150.png 150w, https:\/\/aytens.com\/magaza\/wp-content\/uploads\/2026\/01\/AYT001INCI0024_1-100x100.png 100w\" sizes=\"auto, (max-width: 450px) 100vw, 450px\" \/><\/div>\n\t\t\t\t\t<div class=\"wc-block-grid__product-title\">Ger\u00e7ek Barok \u0130ncili Dorika Detayl\u0131 Paslanmaz \u00c7elik Uzun Kolye, G\u00fcm\u00fc\u015f Renk<\/div>\n\t\t\t\t<\/a>\n\t\t\t\t<div class=\"wc-block-grid__product-price price\"><span class=\"woocommerce-Price-amount amount\"><span class=\"woocommerce-Price-currencySymbol\">&#8378;<\/span>1.500,00<\/span> <small class=\"woocommerce-price-suffix\">KDV Dahil<\/small><\/div>\n\t\t\t\t\n\t\t\t\t<div class=\"wp-block-button wc-block-grid__product-add-to-cart\"><a href=\"\/magaza\/wp-json\/wp\/v2\/pages\/9?add-to-cart=3095\" aria-label=\"Sepete ekle: \u201cGer\u00e7ek Barok \u0130ncili Dorika Detayl\u0131 Paslanmaz \u00c7elik Uzun Kolye, G\u00fcm\u00fc\u015f Renk\u201d\" data-quantity=\"1\" data-product_id=\"3095\" data-product_sku=\"AYT001INCI0024\" data-price=\"1500\" rel=\"nofollow\" class=\"wp-block-button__link  add_to_cart_button ajax_add_to_cart\">Sepete Ekle<\/a><\/div>\n\t\t\t<\/li><li class=\"wc-block-grid__product\">\n\t\t\t\t<a href=\"https:\/\/aytens.com\/magaza\/urun\/gercek-barok-incili-dorika-detayli-paslanmaz-celik-uzun-kolye-altin-renk\/\" class=\"wc-block-grid__product-link\">\n\t\t\t\t\t\n\t\t\t\t\t<div class=\"wc-block-grid__product-image\"><img loading=\"lazy\" decoding=\"async\" width=\"450\" height=\"450\" src=\"https:\/\/aytens.com\/magaza\/wp-content\/uploads\/2026\/01\/AYT001INCI0023_1-450x450.jpg\" class=\"attachment-woocommerce_thumbnail size-woocommerce_thumbnail\" alt=\"Ger\u00e7ek Barok \u0130ncili Dorika Detayl\u0131 Paslanmaz \u00c7elik Uzun Kolye, Alt\u0131n renk\" srcset=\"https:\/\/aytens.com\/magaza\/wp-content\/uploads\/2026\/01\/AYT001INCI0023_1-450x450.jpg 450w, https:\/\/aytens.com\/magaza\/wp-content\/uploads\/2026\/01\/AYT001INCI0023_1-150x150.jpg 150w, https:\/\/aytens.com\/magaza\/wp-content\/uploads\/2026\/01\/AYT001INCI0023_1-100x100.jpg 100w\" sizes=\"auto, (max-width: 450px) 100vw, 450px\" \/><\/div>\n\t\t\t\t\t<div class=\"wc-block-grid__product-title\">Ger\u00e7ek Barok \u0130ncili Dorika Detayl\u0131 Paslanmaz \u00c7elik Uzun Kolye, Alt\u0131n renk<\/div>\n\t\t\t\t<\/a>\n\t\t\t\t<div class=\"wc-block-grid__product-price price\"><span class=\"woocommerce-Price-amount amount\"><span class=\"woocommerce-Price-currencySymbol\">&#8378;<\/span>1.500,00<\/span> <small class=\"woocommerce-price-suffix\">KDV Dahil<\/small><\/div>\n\t\t\t\t\n\t\t\t\t<div class=\"wp-block-button wc-block-grid__product-add-to-cart\"><a href=\"\/magaza\/wp-json\/wp\/v2\/pages\/9?add-to-cart=3080\" aria-label=\"Sepete ekle: \u201cGer\u00e7ek Barok \u0130ncili Dorika Detayl\u0131 Paslanmaz \u00c7elik Uzun Kolye, Alt\u0131n renk\u201d\" data-quantity=\"1\" data-product_id=\"3080\" data-product_sku=\"AYT001INCI0023\" data-price=\"1500\" rel=\"nofollow\" class=\"wp-block-button__link  add_to_cart_button ajax_add_to_cart\">Sepete Ekle<\/a><\/div>\n\t\t\t<\/li><li class=\"wc-block-grid__product\">\n\t\t\t\t<a href=\"https:\/\/aytens.com\/magaza\/urun\/bileginde-siklik-elinde-huzur-2si-1-arada-volkan-tasi-tesbih-bileklik-tasarim\/\" class=\"wc-block-grid__product-link\">\n\t\t\t\t\t\n\t\t\t\t\t<div class=\"wc-block-grid__product-image\"><img loading=\"lazy\" decoding=\"async\" width=\"450\" height=\"450\" src=\"https:\/\/aytens.com\/magaza\/wp-content\/uploads\/2026\/01\/AYT012DGL0001_1-450x450.jpg\" class=\"attachment-woocommerce_thumbnail size-woocommerce_thumbnail\" alt=\"Bile\u011finde \u015e\u0131kl\u0131k, Elinde Huzur: 2&#039;si 1 Arada Volkan Ta\u015f\u0131 Tesbih Bileklik Tasar\u0131m\" srcset=\"https:\/\/aytens.com\/magaza\/wp-content\/uploads\/2026\/01\/AYT012DGL0001_1-450x450.jpg 450w, https:\/\/aytens.com\/magaza\/wp-content\/uploads\/2026\/01\/AYT012DGL0001_1-150x150.jpg 150w, https:\/\/aytens.com\/magaza\/wp-content\/uploads\/2026\/01\/AYT012DGL0001_1-100x100.jpg 100w\" sizes=\"auto, (max-width: 450px) 100vw, 450px\" \/><\/div>\n\t\t\t\t\t<div class=\"wc-block-grid__product-title\">Bile\u011finde \u015e\u0131kl\u0131k, Elinde Huzur: 2&#8217;si 1 Arada Volkan Ta\u015f\u0131 Tesbih Bileklik Tasar\u0131m<\/div>\n\t\t\t\t<\/a>\n\t\t\t\t<div class=\"wc-block-grid__product-price price\"><span class=\"woocommerce-Price-amount amount\"><span class=\"woocommerce-Price-currencySymbol\">&#8378;<\/span>349,00<\/span> <small class=\"woocommerce-price-suffix\">KDV Dahil<\/small><\/div>\n\t\t\t\t\n\t\t\t\t<div class=\"wp-block-button wc-block-grid__product-add-to-cart\"><a href=\"\/magaza\/wp-json\/wp\/v2\/pages\/9?add-to-cart=3049\" aria-label=\"Sepete ekle: \u201cBile\u011finde \u015e\u0131kl\u0131k, Elinde Huzur: 2&#039;si 1 Arada Volkan Ta\u015f\u0131 Tesbih Bileklik Tasar\u0131m\u201d\" data-quantity=\"1\" data-product_id=\"3049\" data-product_sku=\"AYT012DGL0001\" data-price=\"349\" rel=\"nofollow\" class=\"wp-block-button__link  add_to_cart_button ajax_add_to_cart\">Sepete Ekle<\/a><\/div>\n\t\t\t<\/li><li class=\"wc-block-grid__product\">\n\t\t\t\t<a href=\"https:\/\/aytens.com\/magaza\/urun\/asil-modern-tarz-siyah-inci-boncuk-set-paslanmaz-celik-zincir-kolye-bileklik-kupe\/\" class=\"wc-block-grid__product-link\">\n\t\t\t\t\t\n\t\t\t\t\t<div class=\"wc-block-grid__product-image\"><img loading=\"lazy\" decoding=\"async\" width=\"450\" height=\"450\" src=\"https:\/\/aytens.com\/magaza\/wp-content\/uploads\/2026\/01\/AYT003IMT0022_1-450x450.jpg\" class=\"attachment-woocommerce_thumbnail size-woocommerce_thumbnail\" alt=\"Asil, Modern, Tarz Siyah \u0130nci Boncuk Set Paslanmaz \u00c7elik Zincir Kolye Bileklik K\u00fcpe\" srcset=\"https:\/\/aytens.com\/magaza\/wp-content\/uploads\/2026\/01\/AYT003IMT0022_1-450x450.jpg 450w, https:\/\/aytens.com\/magaza\/wp-content\/uploads\/2026\/01\/AYT003IMT0022_1-150x150.jpg 150w, https:\/\/aytens.com\/magaza\/wp-content\/uploads\/2026\/01\/AYT003IMT0022_1-100x100.jpg 100w\" sizes=\"auto, (max-width: 450px) 100vw, 450px\" \/><\/div>\n\t\t\t\t\t<div class=\"wc-block-grid__product-title\">Asil, Modern, Tarz Siyah \u0130nci Boncuk Set Paslanmaz \u00c7elik Zincir Kolye Bileklik K\u00fcpe<\/div>\n\t\t\t\t<\/a>\n\t\t\t\t<div class=\"wc-block-grid__product-price price\"><span class=\"woocommerce-Price-amount amount\"><span class=\"woocommerce-Price-currencySymbol\">&#8378;<\/span>378,00<\/span> <small class=\"woocommerce-price-suffix\">KDV Dahil<\/small><\/div>\n\t\t\t\t\n\t\t\t\t<div class=\"wp-block-button wc-block-grid__product-add-to-cart\"><a href=\"\/magaza\/wp-json\/wp\/v2\/pages\/9?add-to-cart=3048\" aria-label=\"Sepete ekle: \u201cAsil, Modern, Tarz Siyah \u0130nci Boncuk Set Paslanmaz \u00c7elik Zincir Kolye Bileklik K\u00fcpe\u201d\" data-quantity=\"1\" data-product_id=\"3048\" data-product_sku=\"AYT003IMT002240\" data-price=\"378\" rel=\"nofollow\" class=\"wp-block-button__link  add_to_cart_button ajax_add_to_cart\">Sepete Ekle<\/a><\/div>\n\t\t\t<\/li><\/ul><\/div><\/div>\n<\/div>\n","protected":false},"excerpt":{"rendered":"","protected":false},"author":1,"featured_media":0,"parent":0,"menu_order":0,"comment_status":"closed","ping_status":"closed","template":"","meta":{"advanced_seo_description":"","jetpack_seo_html_title":"","jetpack_seo_noindex":false,"footnotes":""},"class_list":["post-9","page","type-page","status-publish","hentry"],"jetpack_sharing_enabled":true,"_links":{"self":[{"href":"https:\/\/aytens.com\/magaza\/wp-json\/wp\/v2\/pages\/9","targetHints":{"allow":["GET"]}}],"collection":[{"href":"https:\/\/aytens.com\/magaza\/wp-json\/wp\/v2\/pages"}],"about":[{"href":"https:\/\/aytens.com\/magaza\/wp-json\/wp\/v2\/types\/page"}],"author":[{"embeddable":true,"href":"https:\/\/aytens.com\/magaza\/wp-json\/wp\/v2\/users\/1"}],"replies":[{"embeddable":true,"href":"https:\/\/aytens.com\/magaza\/wp-json\/wp\/v2\/comments?post=9"}],"version-history":[{"count":2,"href":"https:\/\/aytens.com\/magaza\/wp-json\/wp\/v2\/pages\/9\/revisions"}],"predecessor-version":[{"id":462,"href":"https:\/\/aytens.com\/magaza\/wp-json\/wp\/v2\/pages\/9\/revisions\/462"}],"wp:attachment":[{"href":"https:\/\/aytens.com\/magaza\/wp-json\/wp\/v2\/media?parent=9"}],"curies":[{"name":"wp","href":"https:\/\/api.w.org\/{rel}","templated":true}]}}