{"id":1290,"date":"2025-01-07T16:55:28","date_gmt":"2025-01-07T13:55:28","guid":{"rendered":"https:\/\/aytens.com\/magaza\/?post_type=product&#038;p=1290"},"modified":"2026-01-11T20:35:59","modified_gmt":"2026-01-11T17:35:59","slug":"dogal-gunes-tasi-ve-dogal-inci-kolye-bileklik-set","status":"publish","type":"product","link":"https:\/\/aytens.com\/magaza\/urun\/dogal-gunes-tasi-ve-dogal-inci-kolye-bileklik-set\/","title":{"rendered":"Do\u011fal g\u00fcne\u015f ta\u015f\u0131 ve do\u011fal inci kolye bileklik set"},"content":{"rendered":"<p>Do\u011fal G\u00fczelli\u011fin I\u015f\u0131lt\u0131s\u0131Bu e\u015fsiz set, do\u011fan\u0131n en de\u011ferli arma\u011fanlar\u0131ndan ikisi olan g\u00fcne\u015f ta\u015f\u0131 ve do\u011fal incinin bir araya gelmesiyle olu\u015fmu\u015ftur. Her biri kendi i\u00e7inde \u00f6zel bir enerjiye sahip olan bu ta\u015flar, birlikte kullan\u0131ld\u0131klar\u0131nda hem g\u00f6rsel bir \u015f\u00f6len sunar hem de ki\u015fiyi pozitif yapar.\u00a0G\u00fcne\u015f Ta\u015f\u0131:\u00a0Enerji Verici:G\u00fcne\u015f ta\u015f\u0131, ad\u0131ndan da anla\u015f\u0131laca\u011f\u0131 gibi g\u00fcne\u015fin enerjisini i\u00e7inde bar\u0131nd\u0131r\u0131r. Ki\u015fiye canl\u0131l\u0131k ve ne\u015fe\u00a0verir.\u00a0Motivasyon Art\u0131r\u0131c\u0131:Yeni ba\u015flang\u0131\u00e7lar i\u00e7in ilham verir ve motivasyonu art\u0131r\u0131r.\u00a0Kendine G\u00fcven:Ki\u015finin kendine g\u00fcvenini g\u00fc\u00e7lendirir ve olumlu d\u00fc\u015f\u00fcnmeyi destekler.\u00a0Do\u011fal \u0130nci:\u00a0Safl\u0131k ve Temizlik:\u0130nci, safl\u0131k ve temizli\u011fi simgeler. Ruhu ar\u0131nd\u0131r\u0131r ve i\u00e7sel bar\u0131\u015f\u0131 sa\u011flar.\u00a0\u015eans ve Bereket:\u0130nan\u0131\u015flara g\u00f6re inci, \u015fans ve bereket getirir.\u00a0Zarafet:Zarif ve klasik bir g\u00f6r\u00fcn\u00fcm sunar.\u00a0Setin \u00d6zellikleri:\u00a0Do\u011fal Ta\u015flar:Tamamen do\u011fal g\u00fcne\u015f ta\u015f\u0131 ve do\u011fal incilerden \u00fcretilmi\u015ftir.\u00a0El \u0130\u015f\u00e7ili\u011fi:Her bir \u00fcr\u00fcn, \u00f6zenle el i\u015f\u00e7ili\u011fiyle haz\u0131rlanm\u0131\u015ft\u0131r.G\u00fcne\u015f ta\u015f\u0131 taneleri faset kesim ortalama 4 mm, barok inci taneleri ortalama 4 mm, kolye 40 cm + 5 cm bileklik 17 cm +4 cm\u00a0Paslanmaz \u00e7elik klips kullan\u0131lm\u0131\u015ft\u0131r.\u00a0Tekrar Edilemez Tasar\u0131m:Do\u011fal ta\u015flar\u0131n benzersiz yap\u0131s\u0131 nedeniyle her \u00fcr\u00fcn birbirinden farkl\u0131d\u0131r.\u00a0\u015e\u0131k ve Zarif Tasar\u0131m:Hem g\u00fcnl\u00fck hayatta hem de \u00f6zel g\u00fcnlerde kullanabilece\u011finiz \u015f\u0131k bir tasar\u0131ma sahiptir.\u00a0Setin Faydalar\u0131:\u00a0Pozitif Enerji:\u00a0G\u00fcne\u015f ta\u015f\u0131 ve do\u011fal incinin birle\u015fimi, ki\u015fiyi pozitif yapar ve ruh halini iyile\u015ftirir.\u00a0Dengeleyici Etki:V\u00fccuttaki enerji dengesini sa\u011flar.\u00a0\u015e\u0131kl\u0131k:Her t\u00fcrl\u00fc k\u0131yafetle uyum sa\u011flayacak \u015f\u0131k bir aksesuard\u0131r.\u00a0Kimler \u0130\u00e7in Uygundur?\u00a0Enerjiye \u0130htiyac\u0131 Olanlar:G\u00fcne\u015f ta\u015f\u0131 ve do\u011fal inci, enerji seviyesini y\u00fckseltmek isteyenler i\u00e7in idealdir.\u00a0Yeni Ba\u015flang\u0131\u00e7 Yapacaklar:Yeni bir i\u015fe ba\u015flayan veya yeni bir hayata ad\u0131m atanlar i\u00e7in motivasyon kayna\u011f\u0131 olabilir.\u00a0Kendine G\u00fcvenini Art\u0131rmak \u0130steyenler:Kendine g\u00fcveni zay\u0131f olan ki\u015filere olumlu etkiler.\u00a0\u015e\u0131kl\u0131\u011f\u0131 Sevenler:Zarif ve do\u011fal ta\u015flara ilgi duyan herkes bu seti tercih edebilir.\u00a0Nas\u0131l Kullan\u0131l\u0131r?Bu seti g\u00fcnl\u00fck olarak takabilir veya \u00f6zel g\u00fcnlerde k\u0131yafetlerinize uyum sa\u011flayarak kullanabilirsiniz. Do\u011fal ta\u015flar\u0131n enerjisinden daha fazla faydalanmak i\u00e7in meditasyon yaparken veya yoga yaparken de takabilirsiniz.\u00a0Bak\u0131m:Do\u011fal ta\u015flar\u0131n \u00f6mr\u00fcn\u00fc uzatmak i\u00e7in suya ve kimyasallara maruz b\u0131rakmaktan ka\u00e7\u0131n\u0131n. Nemli bir bezle silerek temizleyebilirsiniz.\u00a0Not:Do\u011fal ta\u015flar\u0131n renk ve desenlerinde farkl\u0131l\u0131klar olabilir. Bu, ta\u015flar\u0131n do\u011fal yap\u0131s\u0131ndan kaynaklan\u0131r ve \u00fcr\u00fcn\u00fcn kalitesini etkilemez.KUTUSUZ G\u00d6NDER\u0130L\u0130R.<\/p>\n","protected":false},"excerpt":{"rendered":"<p>Do\u011fal G\u00fczelli\u011fin I\u015f\u0131lt\u0131s\u0131Bu e\u015fsiz set, do\u011fan\u0131n en de\u011ferli arma\u011fanlar\u0131ndan ikisi olan g\u00fcne\u015f ta\u015f\u0131 ve do\u011fal incinin bir araya gelmesiyle olu\u015fmu\u015ftur. Her biri kendi i\u00e7inde \u00f6zel bir enerjiye sahip olan bu ta\u015flar, birlikte kullan\u0131ld\u0131klar\u0131nda hem g\u00f6rsel bir \u015f\u00f6len sunar hem de ki\u015fiyi pozitif yapar.\u00a0G\u00fcne\u015f Ta\u015f\u0131:\u00a0Enerji Verici:G\u00fcne\u015f ta\u015f\u0131, ad\u0131ndan da anla\u015f\u0131laca\u011f\u0131 gibi g\u00fcne\u015fin enerjisini i\u00e7inde bar\u0131nd\u0131r\u0131r. Ki\u015fiye [&hellip;]<\/p>\n","protected":false},"featured_media":1291,"comment_status":"open","ping_status":"closed","template":"","meta":{"advanced_seo_description":"","jetpack_seo_html_title":"","jetpack_seo_noindex":false,"jetpack_publicize_message":"","jetpack_publicize_feature_enabled":true,"jetpack_social_post_already_shared":false,"jetpack_social_options":{"image_generator_settings":{"template":"highway","default_image_id":0,"font":"","enabled":false},"version":2}},"product_brand":[146],"product_cat":[30,29,23],"product_tag":[38,83,130,40,44,46,68,47,66,37,129,36,43,42,57,59,39],"class_list":{"0":"post-1290","1":"product","2":"type-product","3":"status-publish","4":"has-post-thumbnail","6":"product_brand-aytens-taki","7":"product_cat-dogal-tas-set","8":"product_cat-inci-set","9":"product_cat-taki-seti","10":"product_tag-barok-inci","11":"product_tag-dgal-taslar","12":"product_tag-dogal-gunes-tasi","13":"product_tag-dogal-inci","14":"product_tag-dogal-tas","15":"product_tag-dogal-tas-kolye","16":"product_tag-dogal-tas-set","17":"product_tag-dogal-tas-taki-seti","18":"product_tag-dogaltas","19":"product_tag-gercek-inci","20":"product_tag-gunes-tasi","21":"product_tag-inci","22":"product_tag-inci-bileklik","23":"product_tag-inci-kolye","24":"product_tag-kultur-incisi","25":"product_tag-paslanmaz-celik","26":"product_tag-tatli-su-incisi","27":"product_shipping_class-standart-kargo","29":"first","30":"instock","31":"featured","32":"taxable","33":"shipping-taxable","34":"purchasable","35":"product-type-simple"},"jetpack_publicize_connections":[],"jetpack_sharing_enabled":true,"_links":{"self":[{"href":"https:\/\/aytens.com\/magaza\/wp-json\/wp\/v2\/product\/1290","targetHints":{"allow":["GET"]}}],"collection":[{"href":"https:\/\/aytens.com\/magaza\/wp-json\/wp\/v2\/product"}],"about":[{"href":"https:\/\/aytens.com\/magaza\/wp-json\/wp\/v2\/types\/product"}],"replies":[{"embeddable":true,"href":"https:\/\/aytens.com\/magaza\/wp-json\/wp\/v2\/comments?post=1290"}],"wp:featuredmedia":[{"embeddable":true,"href":"https:\/\/aytens.com\/magaza\/wp-json\/wp\/v2\/media\/1291"}],"wp:attachment":[{"href":"https:\/\/aytens.com\/magaza\/wp-json\/wp\/v2\/media?parent=1290"}],"wp:term":[{"taxonomy":"product_brand","embeddable":true,"href":"https:\/\/aytens.com\/magaza\/wp-json\/wp\/v2\/product_brand?post=1290"},{"taxonomy":"product_cat","embeddable":true,"href":"https:\/\/aytens.com\/magaza\/wp-json\/wp\/v2\/product_cat?post=1290"},{"taxonomy":"product_tag","embeddable":true,"href":"https:\/\/aytens.com\/magaza\/wp-json\/wp\/v2\/product_tag?post=1290"}],"curies":[{"name":"wp","href":"https:\/\/api.w.org\/{rel}","templated":true}]}}