{"id":1406,"date":"2025-02-01T21:18:24","date_gmt":"2025-02-01T18:18:24","guid":{"rendered":"https:\/\/aytens.com\/magaza\/?post_type=product&#038;p=1406"},"modified":"2026-01-11T20:53:10","modified_gmt":"2026-01-11T17:53:10","slug":"gemici-kilitli-paslanmaz-celik-zincir-kombinli-dogal-inci-kolye","status":"publish","type":"product","link":"https:\/\/aytens.com\/magaza\/urun\/gemici-kilitli-paslanmaz-celik-zincir-kombinli-dogal-inci-kolye\/","title":{"rendered":"Gemici Kilitli, Paslanmaz \u00c7elik Zincir Kombinli Do\u011fal \u0130nci Kolye"},"content":{"rendered":"<p>Paslanmaz \u00e7elik kombinli inci kolyeDo\u011fal tatl\u0131 su incisidir.Do\u011fall\u0131\u011f\u0131ndan dolay\u0131 inci tanelerinin \u015fekilleri farkl\u0131l\u0131k g\u00f6sterebilir.Paslanmaz \u00e7elik zincir kullan\u0131lm\u0131\u015ft\u0131r.Kolye 45 cmGemici Kilitli, Paslanmaz \u00c7elik Zincir Kombinli Do\u011fal \u0130nci Kolye, zarif tasar\u0131m\u0131yla g\u00f6z al\u0131c\u0131 bir aksesuar se\u00e7ene\u011fi sunar.Tatl\u0131 su incisi kullan\u0131m\u0131 sayesinde, her bir inci par\u00e7as\u0131n\u0131n benzersiz ve do\u011fal bir parlakl\u0131kta parlamas\u0131 sa\u011flan\u0131r.Bej rengi, kolyenin \u015f\u0131kl\u0131\u011f\u0131n\u0131 tamamlayarak her t\u00fcrl\u00fc k\u0131yafetle uyum sa\u011flar ve sofistike bir g\u00f6r\u00fcn\u00fcm kazand\u0131r\u0131r.\u0130nci ta\u015f\u0131, dayan\u0131kl\u0131l\u0131\u011f\u0131 ve estetik g\u00f6r\u00fcn\u00fcm\u00fc ile biliniruzun s\u00fcreli kullan\u0131m i\u00e7in idealdir.Temizli\u011finde kimyasal kullanmay\u0131n\u0131z.Hafif nemli bir bezle silebilirsiniz.KUTUSUZ olarak g\u00f6nderilir<\/p>\n","protected":false},"excerpt":{"rendered":"<p>Paslanmaz \u00e7elik kombinli inci kolyeDo\u011fal tatl\u0131 su incisidir.Do\u011fall\u0131\u011f\u0131ndan dolay\u0131 inci tanelerinin \u015fekilleri farkl\u0131l\u0131k g\u00f6sterebilir.Paslanmaz \u00e7elik zincir kullan\u0131lm\u0131\u015ft\u0131r.Kolye 45 cmGemici Kilitli, Paslanmaz \u00c7elik Zincir Kombinli Do\u011fal \u0130nci Kolye, zarif tasar\u0131m\u0131yla g\u00f6z al\u0131c\u0131 bir aksesuar se\u00e7ene\u011fi sunar.Tatl\u0131 su incisi kullan\u0131m\u0131 sayesinde, her bir inci par\u00e7as\u0131n\u0131n benzersiz ve do\u011fal bir parlakl\u0131kta parlamas\u0131 sa\u011flan\u0131r.Bej rengi, kolyenin \u015f\u0131kl\u0131\u011f\u0131n\u0131 tamamlayarak her [&hellip;]<\/p>\n","protected":false},"featured_media":1463,"comment_status":"open","ping_status":"closed","template":"","meta":{"advanced_seo_description":"","jetpack_seo_html_title":"","jetpack_seo_noindex":false,"jetpack_publicize_message":"","jetpack_publicize_feature_enabled":true,"jetpack_social_post_already_shared":false,"jetpack_social_options":{"image_generator_settings":{"template":"highway","default_image_id":0,"font":"","enabled":false},"version":2}},"product_brand":[146],"product_cat":[27,21],"product_tag":[40,37,36,42,60,57,99,59,98,39],"class_list":{"0":"post-1406","1":"product","2":"type-product","3":"status-publish","4":"has-post-thumbnail","6":"product_brand-aytens-taki","7":"product_cat-inci-kolye","8":"product_cat-kolye","9":"product_tag-dogal-inci","10":"product_tag-gercek-inci","11":"product_tag-inci","12":"product_tag-inci-kolye","13":"product_tag-inci-kupe","14":"product_tag-kultur-incisi","15":"product_tag-moda","16":"product_tag-paslanmaz-celik","17":"product_tag-tarz","18":"product_tag-tatli-su-incisi","19":"product_shipping_class-standart-kargo","21":"first","22":"instock","23":"purchasable","24":"product-type-simple"},"jetpack_publicize_connections":[],"jetpack_sharing_enabled":true,"_links":{"self":[{"href":"https:\/\/aytens.com\/magaza\/wp-json\/wp\/v2\/product\/1406","targetHints":{"allow":["GET"]}}],"collection":[{"href":"https:\/\/aytens.com\/magaza\/wp-json\/wp\/v2\/product"}],"about":[{"href":"https:\/\/aytens.com\/magaza\/wp-json\/wp\/v2\/types\/product"}],"replies":[{"embeddable":true,"href":"https:\/\/aytens.com\/magaza\/wp-json\/wp\/v2\/comments?post=1406"}],"wp:featuredmedia":[{"embeddable":true,"href":"https:\/\/aytens.com\/magaza\/wp-json\/wp\/v2\/media\/1463"}],"wp:attachment":[{"href":"https:\/\/aytens.com\/magaza\/wp-json\/wp\/v2\/media?parent=1406"}],"wp:term":[{"taxonomy":"product_brand","embeddable":true,"href":"https:\/\/aytens.com\/magaza\/wp-json\/wp\/v2\/product_brand?post=1406"},{"taxonomy":"product_cat","embeddable":true,"href":"https:\/\/aytens.com\/magaza\/wp-json\/wp\/v2\/product_cat?post=1406"},{"taxonomy":"product_tag","embeddable":true,"href":"https:\/\/aytens.com\/magaza\/wp-json\/wp\/v2\/product_tag?post=1406"}],"curies":[{"name":"wp","href":"https:\/\/api.w.org\/{rel}","templated":true}]}}