{"id":1483,"date":"2025-02-17T22:07:37","date_gmt":"2025-02-17T19:07:37","guid":{"rendered":"https:\/\/aytens.com\/magaza\/?post_type=product&#038;p=1483"},"modified":"2026-01-11T21:29:41","modified_gmt":"2026-01-11T18:29:41","slug":"dogal-inci-bileklik-gumus-renk-o-t-kapama","status":"publish","type":"product","link":"https:\/\/aytens.com\/magaza\/urun\/dogal-inci-bileklik-gumus-renk-o-t-kapama\/","title":{"rendered":"Do\u011fal \u0130nci Bileklik, G\u00fcm\u00fc\u015f RENK O T Kapama"},"content":{"rendered":"<p>Do\u011fal inci bileklik, Tatl\u0131su incisidir.Bileklik 18 cm, inci boyutu ortalama 6-7 mm.\u0130nci taneleri do\u011fall\u0131\u011f\u0131ndan dolay\u0131 de\u011fi\u015fiklik g\u00f6sterebilir.Kaliteli misina kullan\u0131lm\u0131\u015ft\u0131r.O- T Paslanmaz \u00e7elik kapama\u0130nci tanelerinin aras\u0131nda Hematit ta\u015f\u0131 kullan\u0131lm\u0131\u015ft\u0131r.\u0130NC\u0130 KULLANIMIV\u00fccutta bulunan kalsiyum oran\u0131 zengin yap\u0131lar\u0131 (di\u015f ve kemikler gibi) g\u00fc\u00e7lendirir.\u015eans ta\u015f\u0131 olarak da bilinen incinin talihi a\u00e7t\u0131\u011f\u0131na inan\u0131l\u0131r.Negatif enerjiyi itme, pozitif enerjiyi \u00e7ekme \u00f6zelli\u011fi vard\u0131r.Olumsuz duygulardan ar\u0131nd\u0131r\u0131r ve \u00f6z g\u00fcveni art\u0131r\u0131r.Dikkat \u00e7ekici, ilgi duyulan ve g\u00fcven veren bir ta\u015ft\u0131r.Sezgi yetene\u011fini art\u0131r\u0131r.\u00d6z g\u00fcveni art\u0131r\u0131r, cesaret verir, albenisi olan ve dikkat \u00e7ekici yapan bir ta\u015ft\u0131r.<\/p>\n","protected":false},"excerpt":{"rendered":"<p>Do\u011fal inci bileklik, Tatl\u0131su incisidir.Bileklik 18 cm, inci boyutu ortalama 6-7 mm.\u0130nci taneleri do\u011fall\u0131\u011f\u0131ndan dolay\u0131 de\u011fi\u015fiklik g\u00f6sterebilir.Kaliteli misina kullan\u0131lm\u0131\u015ft\u0131r.O- T Paslanmaz \u00e7elik kapama\u0130nci tanelerinin aras\u0131nda Hematit ta\u015f\u0131 kullan\u0131lm\u0131\u015ft\u0131r.\u0130NC\u0130 KULLANIMIV\u00fccutta bulunan kalsiyum oran\u0131 zengin yap\u0131lar\u0131 (di\u015f ve kemikler gibi) g\u00fc\u00e7lendirir.\u015eans ta\u015f\u0131 olarak da bilinen incinin talihi a\u00e7t\u0131\u011f\u0131na inan\u0131l\u0131r.Negatif enerjiyi itme, pozitif enerjiyi \u00e7ekme \u00f6zelli\u011fi vard\u0131r.Olumsuz duygulardan [&hellip;]<\/p>\n","protected":false},"featured_media":1479,"comment_status":"open","ping_status":"closed","template":"","meta":{"advanced_seo_description":"","jetpack_seo_html_title":"","jetpack_seo_noindex":false,"jetpack_publicize_message":"","jetpack_publicize_feature_enabled":true,"jetpack_social_post_already_shared":false,"jetpack_social_options":{"image_generator_settings":{"template":"highway","default_image_id":0,"font":"","enabled":false},"version":2}},"product_brand":[146],"product_cat":[22,31],"product_tag":[38,97,89,58,40,37,36,43,57,99,59,98,39],"class_list":{"0":"post-1483","1":"product","2":"type-product","3":"status-publish","4":"has-post-thumbnail","6":"product_brand-aytens-taki","7":"product_cat-bileklik","8":"product_cat-inci-bileklik","9":"product_tag-barok-inci","10":"product_tag-bileklik","11":"product_tag-celik","12":"product_tag-celik-zincir","13":"product_tag-dogal-inci","14":"product_tag-gercek-inci","15":"product_tag-inci","16":"product_tag-inci-bileklik","17":"product_tag-kultur-incisi","18":"product_tag-moda","19":"product_tag-paslanmaz-celik","20":"product_tag-tarz","21":"product_tag-tatli-su-incisi","22":"product_shipping_class-standart-kargo","24":"first","25":"instock","26":"purchasable","27":"product-type-simple"},"jetpack_publicize_connections":[],"jetpack_sharing_enabled":true,"_links":{"self":[{"href":"https:\/\/aytens.com\/magaza\/wp-json\/wp\/v2\/product\/1483","targetHints":{"allow":["GET"]}}],"collection":[{"href":"https:\/\/aytens.com\/magaza\/wp-json\/wp\/v2\/product"}],"about":[{"href":"https:\/\/aytens.com\/magaza\/wp-json\/wp\/v2\/types\/product"}],"replies":[{"embeddable":true,"href":"https:\/\/aytens.com\/magaza\/wp-json\/wp\/v2\/comments?post=1483"}],"wp:featuredmedia":[{"embeddable":true,"href":"https:\/\/aytens.com\/magaza\/wp-json\/wp\/v2\/media\/1479"}],"wp:attachment":[{"href":"https:\/\/aytens.com\/magaza\/wp-json\/wp\/v2\/media?parent=1483"}],"wp:term":[{"taxonomy":"product_brand","embeddable":true,"href":"https:\/\/aytens.com\/magaza\/wp-json\/wp\/v2\/product_brand?post=1483"},{"taxonomy":"product_cat","embeddable":true,"href":"https:\/\/aytens.com\/magaza\/wp-json\/wp\/v2\/product_cat?post=1483"},{"taxonomy":"product_tag","embeddable":true,"href":"https:\/\/aytens.com\/magaza\/wp-json\/wp\/v2\/product_tag?post=1483"}],"curies":[{"name":"wp","href":"https:\/\/api.w.org\/{rel}","templated":true}]}}