{"id":1877,"date":"2026-01-10T23:07:37","date_gmt":"2026-01-10T20:07:37","guid":{"rendered":"https:\/\/aytens.com\/magaza\/?post_type=product&#038;p=1877"},"modified":"2026-01-11T20:04:48","modified_gmt":"2026-01-11T17:04:48","slug":"do%c4%9fal-inci-kolye-bileklik-set-altin-renk-paslanmaz-%c3%a7eli%cc%87k-zi%cc%87nci%cc%87r","status":"publish","type":"product","link":"https:\/\/aytens.com\/magaza\/urun\/do%c4%9fal-inci-kolye-bileklik-set-altin-renk-paslanmaz-%c3%a7eli%cc%87k-zi%cc%87nci%cc%87r\/","title":{"rendered":"Do\u011fal Inci Kolye Bileklik Set (ALTIN RENK PASLANMAZ \u00c7EL\u0130K Z\u0130NC\u0130R)"},"content":{"rendered":"<ul>\n<li>Do\u011fal k\u00fclt\u00fcr incisidir.<\/li>\n<li>Do\u011fall\u0131\u011f\u0131ndan dolay\u0131 inci tanelerinin \u015fekilleri farkl\u0131 olabilir.<\/li>\n<li>\u0130nci taneleri ortalama 7-8 mm&#8217; dir.<\/li>\n<li>Paslanmaz \u00e7elik zincir kullan\u0131lm\u0131\u015ft\u0131r.<\/li>\n<li>Kolye 40 cm + 5 cm uzatma zinciri.<\/li>\n<li>Bileklik 18 cm + 5 cm uzatma zinciri.<\/li>\n<li>Do\u011fal inci kolye bileklik set, zarif ve \u015f\u0131k tasar\u0131m\u0131yla g\u00f6z al\u0131c\u0131 bir g\u00f6r\u00fcn\u00fcm sunar.<\/li>\n<li>\u0130ki par\u00e7adan olu\u015fan set, hem kolye hem de bileklik i\u00e7erir ve kombinlerinizi tamamlar.<\/li>\n<li>Paslanmaz \u00e7elik materyali sayesinde uzun \u00f6m\u00fcrl\u00fc kullan\u0131m ve dayan\u0131kl\u0131l\u0131k sa\u011flar.<\/li>\n<li>\u0130nci ta\u015f\u0131, do\u011fal g\u00fczelli\u011fiyle her k\u0131yafetle uyum sa\u011flayarak \u015f\u0131kl\u0131\u011f\u0131n\u0131z\u0131 art\u0131r\u0131r.<\/li>\n<\/ul>\n","protected":false},"excerpt":{"rendered":"<p>Do\u011fal k\u00fclt\u00fcr incisidir. Do\u011fall\u0131\u011f\u0131ndan dolay\u0131 inci tanelerinin \u015fekilleri farkl\u0131 olabilir. \u0130nci taneleri ortalama 7-8 mm&#8217; dir. Paslanmaz \u00e7elik zincir kullan\u0131lm\u0131\u015ft\u0131r. Kolye 40 cm + 5 cm uzatma zinciri. Bileklik 18 cm + 5 cm uzatma zinciri. Do\u011fal inci kolye bileklik set, zarif ve \u015f\u0131k tasar\u0131m\u0131yla g\u00f6z al\u0131c\u0131 bir g\u00f6r\u00fcn\u00fcm sunar. \u0130ki par\u00e7adan olu\u015fan set, hem [&hellip;]<\/p>\n","protected":false},"featured_media":282,"comment_status":"open","ping_status":"closed","template":"","meta":{"advanced_seo_description":"","jetpack_seo_html_title":"","jetpack_seo_noindex":false,"jetpack_publicize_message":"","jetpack_publicize_feature_enabled":true,"jetpack_social_post_already_shared":false,"jetpack_social_options":{"image_generator_settings":{"template":"highway","default_image_id":0,"font":"","enabled":false},"version":2}},"product_brand":[146],"product_cat":[29,23],"product_tag":[],"class_list":{"0":"post-1877","1":"product","2":"type-product","3":"status-publish","4":"has-post-thumbnail","6":"product_brand-aytens-taki","7":"product_cat-inci-set","8":"product_cat-taki-seti","10":"first","11":"instock","12":"taxable","13":"shipping-taxable","14":"purchasable","15":"product-type-simple"},"jetpack_publicize_connections":[],"jetpack_sharing_enabled":true,"_links":{"self":[{"href":"https:\/\/aytens.com\/magaza\/wp-json\/wp\/v2\/product\/1877","targetHints":{"allow":["GET"]}}],"collection":[{"href":"https:\/\/aytens.com\/magaza\/wp-json\/wp\/v2\/product"}],"about":[{"href":"https:\/\/aytens.com\/magaza\/wp-json\/wp\/v2\/types\/product"}],"replies":[{"embeddable":true,"href":"https:\/\/aytens.com\/magaza\/wp-json\/wp\/v2\/comments?post=1877"}],"wp:featuredmedia":[{"embeddable":true,"href":"https:\/\/aytens.com\/magaza\/wp-json\/wp\/v2\/media\/282"}],"wp:attachment":[{"href":"https:\/\/aytens.com\/magaza\/wp-json\/wp\/v2\/media?parent=1877"}],"wp:term":[{"taxonomy":"product_brand","embeddable":true,"href":"https:\/\/aytens.com\/magaza\/wp-json\/wp\/v2\/product_brand?post=1877"},{"taxonomy":"product_cat","embeddable":true,"href":"https:\/\/aytens.com\/magaza\/wp-json\/wp\/v2\/product_cat?post=1877"},{"taxonomy":"product_tag","embeddable":true,"href":"https:\/\/aytens.com\/magaza\/wp-json\/wp\/v2\/product_tag?post=1877"}],"curies":[{"name":"wp","href":"https:\/\/api.w.org\/{rel}","templated":true}]}}