{"id":200,"date":"2024-12-22T10:38:52","date_gmt":"2024-12-22T10:38:52","guid":{"rendered":"https:\/\/aytens.com\/magaza\/index.php\/urun\/urun-106\/"},"modified":"2026-01-11T20:46:57","modified_gmt":"2026-01-11T17:46:57","slug":"inci-set-zirkon-tas-rondela-detayli-kolye-bileklik-kupe","status":"publish","type":"product","link":"https:\/\/aytens.com\/magaza\/urun\/inci-set-zirkon-tas-rondela-detayli-kolye-bileklik-kupe\/","title":{"rendered":"\u0130nci Set, Zirkon Ta\u015f Rondela Detayl\u0131 Kolye Bileklik K\u00fcpe"},"content":{"rendered":"<ul class=\"detail-desc-list two-columns\">\n<li>Zarif tasar\u0131m\u0131yla g\u00f6z al\u0131c\u0131 bir g\u00f6r\u00fcn\u00fcm sunan kolye, bileklik ve k\u00fcpe seti, her t\u00fcrl\u00fc \u00f6zel g\u00fcn\u00fcn\u00fczde \u015f\u0131kl\u0131\u011f\u0131n\u0131z\u0131 tamamlar.<\/li>\n<li>Materyali sayesinde hem ekonomik hem de uzun \u00f6m\u00fcrl\u00fc kullan\u0131m vaat eder.<\/li>\n<li>\u00dc\u00e7 par\u00e7adan olu\u015fan set, farkl\u0131 kombinler yaratma \u00f6zg\u00fcrl\u00fc\u011f\u00fc sunarak gard\u0131robunuzdaki \u00e7ok y\u00f6nl\u00fcl\u00fc\u011f\u00fc art\u0131r\u0131r.<\/li>\n<li>Set i\u00e7eri\u011findeki bileklik, zarif detaylar\u0131yla bileklerinize sofistike bir dokunu\u015f katarken, k\u00fcpeler ise \u0131\u015f\u0131lt\u0131l\u0131 g\u00f6r\u00fcn\u00fcm\u00fcyle y\u00fcz hatlar\u0131n\u0131za zarafet katar.<\/li>\n<li>Kolye 42 cm + 5 cm uzatma zinciri.<\/li>\n<li>Bileklik 14 cm&#8217; dir.<\/li>\n<li>Kutusuz olarak g\u00f6nderilir.<\/li>\n<\/ul>\n","protected":false},"excerpt":{"rendered":"<p>Zarif tasar\u0131m\u0131yla g\u00f6z al\u0131c\u0131 bir g\u00f6r\u00fcn\u00fcm sunan kolye, bileklik ve k\u00fcpe seti, her t\u00fcrl\u00fc \u00f6zel g\u00fcn\u00fcn\u00fczde \u015f\u0131kl\u0131\u011f\u0131n\u0131z\u0131 tamamlar. Materyali sayesinde hem ekonomik hem de uzun \u00f6m\u00fcrl\u00fc kullan\u0131m vaat eder. \u00dc\u00e7 par\u00e7adan olu\u015fan set, farkl\u0131 kombinler yaratma \u00f6zg\u00fcrl\u00fc\u011f\u00fc sunarak gard\u0131robunuzdaki \u00e7ok y\u00f6nl\u00fcl\u00fc\u011f\u00fc art\u0131r\u0131r. Set i\u00e7eri\u011findeki bileklik, zarif detaylar\u0131yla bileklerinize sofistike bir dokunu\u015f katarken, k\u00fcpeler ise \u0131\u015f\u0131lt\u0131l\u0131 [&hellip;]<\/p>\n","protected":false},"featured_media":1507,"comment_status":"open","ping_status":"closed","template":"","meta":{"advanced_seo_description":"","jetpack_seo_html_title":"","jetpack_seo_noindex":false,"jetpack_publicize_message":"","jetpack_publicize_feature_enabled":true,"jetpack_social_post_already_shared":false,"jetpack_social_options":{"image_generator_settings":{"template":"highway","default_image_id":0,"font":"","enabled":false},"version":2}},"product_brand":[146],"product_cat":[29,23],"product_tag":[36,43,42,60,41],"class_list":{"0":"post-200","1":"product","2":"type-product","3":"status-publish","4":"has-post-thumbnail","6":"product_brand-aytens-taki","7":"product_cat-inci-set","8":"product_cat-taki-seti","9":"product_tag-inci","10":"product_tag-inci-bileklik","11":"product_tag-inci-kolye","12":"product_tag-inci-kupe","13":"product_tag-inci-set","14":"product_shipping_class-standart-kargo","16":"first","17":"instock","18":"featured","19":"taxable","20":"shipping-taxable","21":"purchasable","22":"product-type-simple"},"jetpack_publicize_connections":[],"jetpack_sharing_enabled":true,"_links":{"self":[{"href":"https:\/\/aytens.com\/magaza\/wp-json\/wp\/v2\/product\/200","targetHints":{"allow":["GET"]}}],"collection":[{"href":"https:\/\/aytens.com\/magaza\/wp-json\/wp\/v2\/product"}],"about":[{"href":"https:\/\/aytens.com\/magaza\/wp-json\/wp\/v2\/types\/product"}],"replies":[{"embeddable":true,"href":"https:\/\/aytens.com\/magaza\/wp-json\/wp\/v2\/comments?post=200"}],"wp:featuredmedia":[{"embeddable":true,"href":"https:\/\/aytens.com\/magaza\/wp-json\/wp\/v2\/media\/1507"}],"wp:attachment":[{"href":"https:\/\/aytens.com\/magaza\/wp-json\/wp\/v2\/media?parent=200"}],"wp:term":[{"taxonomy":"product_brand","embeddable":true,"href":"https:\/\/aytens.com\/magaza\/wp-json\/wp\/v2\/product_brand?post=200"},{"taxonomy":"product_cat","embeddable":true,"href":"https:\/\/aytens.com\/magaza\/wp-json\/wp\/v2\/product_cat?post=200"},{"taxonomy":"product_tag","embeddable":true,"href":"https:\/\/aytens.com\/magaza\/wp-json\/wp\/v2\/product_tag?post=200"}],"curies":[{"name":"wp","href":"https:\/\/api.w.org\/{rel}","templated":true}]}}