{"id":202,"date":"2024-12-22T10:38:52","date_gmt":"2024-12-22T10:38:52","guid":{"rendered":"https:\/\/aytens.com\/magaza\/index.php\/urun\/urun-108\/"},"modified":"2026-01-24T14:21:27","modified_gmt":"2026-01-24T11:21:27","slug":"inci-kolye-bileklik-kupe-set-gumus-renk-o-t-klips-kapama","status":"publish","type":"product","link":"https:\/\/aytens.com\/magaza\/urun\/inci-kolye-bileklik-kupe-set-gumus-renk-o-t-klips-kapama\/","title":{"rendered":"\u0130nci Kolye Bileklik K\u00fcpe Set G\u00fcm\u00fc\u015f Renk O-T Klips Kapama"},"content":{"rendered":"<p>Zaman\u0131n \u00f6tesinde bir \u015f\u0131kl\u0131k sunan O-T kapama klipsli inci tak\u0131 setimizle her an\u0131n b\u00fcy\u00fcs\u00fcn\u00fc ya\u015fay\u0131n.; ; \u0130nci tanelerinin zarif duru\u015fu ve O-T klipslerin \u015f\u0131kl\u0131\u011f\u0131, bu seti \u00f6zel k\u0131lan detaylar.; ; Hem g\u00fcnl\u00fck hayatta hem de \u00f6zel g\u00fcnlerde stilinize sofistike bir dokunu\u015f kat\u0131n.; ; \u0130nci tak\u0131lar, her kad\u0131n\u0131n m\u00fccevher kutusunda bulunmas\u0131 gereken vazge\u00e7ilmez par\u00e7alardand\u0131r.; ; Bu setle siz de inci tak\u0131lar\u0131n\u0131n b\u00fcy\u00fcl\u00fc d\u00fcnyas\u0131na ad\u0131m at\u0131n.; ;Zarif tasar\u0131m\u0131yla g\u00f6z al\u0131c\u0131 bir g\u00f6r\u00fcn\u00fcm sunan kolye, bileklik ve k\u00fcpe seti, her t\u00fcrl\u00fc \u00f6zel g\u00fcn\u00fcn\u00fczde \u015f\u0131kl\u0131\u011f\u0131n\u0131z\u0131 tamamlar.; Materyali sayesinde hem ekonomik hem de uzun \u00f6m\u00fcrl\u00fc kullan\u0131m vaat eder.; \u00dc\u00e7 par\u00e7adan olu\u015fan set, farkl\u0131 kombinler yaratma \u00f6zg\u00fcrl\u00fc\u011f\u00fc sunarak gard\u0131robunuzdaki \u00e7ok y\u00f6nl\u00fcl\u00fc\u011f\u00fc art\u0131r\u0131r.; Set i\u00e7eri\u011findeki bileklik, zarif detaylar\u0131yla bileklerinize sofistike bir dokunu\u015f katarken, k\u00fcpeler ise \u0131\u015f\u0131lt\u0131l\u0131 g\u00f6r\u00fcn\u00fcm\u00fcyle y\u00fcz hatlar\u0131n\u0131za zarafet katar.; Kolye 40 cm .; Bileklik 18 cm&#8217;dir.;<\/p>\n","protected":false},"excerpt":{"rendered":"<p>Zaman\u0131n \u00f6tesinde bir \u015f\u0131kl\u0131k sunan O-T kapama klipsli inci tak\u0131 setimizle her an\u0131n b\u00fcy\u00fcs\u00fcn\u00fc ya\u015fay\u0131n.; ; \u0130nci tanelerinin zarif duru\u015fu ve O-T klipslerin \u015f\u0131kl\u0131\u011f\u0131, bu seti \u00f6zel k\u0131lan detaylar.; ; Hem g\u00fcnl\u00fck hayatta hem de \u00f6zel g\u00fcnlerde stilinize sofistike bir dokunu\u015f kat\u0131n.; ; \u0130nci tak\u0131lar, her kad\u0131n\u0131n m\u00fccevher kutusunda bulunmas\u0131 gereken vazge\u00e7ilmez par\u00e7alardand\u0131r.; ; Bu [&hellip;]<\/p>\n","protected":false},"featured_media":274,"comment_status":"open","ping_status":"closed","template":"","meta":{"advanced_seo_description":"","jetpack_seo_html_title":"","jetpack_seo_noindex":false,"jetpack_publicize_message":"","jetpack_publicize_feature_enabled":true,"jetpack_social_post_already_shared":false,"jetpack_social_options":{"image_generator_settings":{"template":"highway","default_image_id":0,"font":"","enabled":false},"version":2}},"product_brand":[146],"product_cat":[29,23],"product_tag":[61,36,43,42,60,41],"class_list":{"0":"post-202","1":"product","2":"type-product","3":"status-publish","4":"has-post-thumbnail","6":"product_brand-aytens-taki","7":"product_cat-inci-set","8":"product_cat-taki-seti","9":"product_tag-cam-inci","10":"product_tag-inci","11":"product_tag-inci-bileklik","12":"product_tag-inci-kolye","13":"product_tag-inci-kupe","14":"product_tag-inci-set","15":"product_shipping_class-standart-kargo","17":"first","18":"instock","19":"taxable","20":"shipping-taxable","21":"purchasable","22":"product-type-simple"},"jetpack_publicize_connections":[],"jetpack_sharing_enabled":true,"_links":{"self":[{"href":"https:\/\/aytens.com\/magaza\/wp-json\/wp\/v2\/product\/202","targetHints":{"allow":["GET"]}}],"collection":[{"href":"https:\/\/aytens.com\/magaza\/wp-json\/wp\/v2\/product"}],"about":[{"href":"https:\/\/aytens.com\/magaza\/wp-json\/wp\/v2\/types\/product"}],"replies":[{"embeddable":true,"href":"https:\/\/aytens.com\/magaza\/wp-json\/wp\/v2\/comments?post=202"}],"wp:featuredmedia":[{"embeddable":true,"href":"https:\/\/aytens.com\/magaza\/wp-json\/wp\/v2\/media\/274"}],"wp:attachment":[{"href":"https:\/\/aytens.com\/magaza\/wp-json\/wp\/v2\/media?parent=202"}],"wp:term":[{"taxonomy":"product_brand","embeddable":true,"href":"https:\/\/aytens.com\/magaza\/wp-json\/wp\/v2\/product_brand?post=202"},{"taxonomy":"product_cat","embeddable":true,"href":"https:\/\/aytens.com\/magaza\/wp-json\/wp\/v2\/product_cat?post=202"},{"taxonomy":"product_tag","embeddable":true,"href":"https:\/\/aytens.com\/magaza\/wp-json\/wp\/v2\/product_tag?post=202"}],"curies":[{"name":"wp","href":"https:\/\/api.w.org\/{rel}","templated":true}]}}