{"id":2207,"date":"2026-01-10T23:57:51","date_gmt":"2026-01-10T20:57:51","guid":{"rendered":"https:\/\/aytens.com\/magaza\/?post_type=product&#038;p=2207"},"modified":"2026-01-11T00:00:13","modified_gmt":"2026-01-10T21:00:13","slug":"usta-isi-zamak-zaza-tesbih-19","status":"publish","type":"product","link":"https:\/\/aytens.com\/magaza\/urun\/usta-isi-zamak-zaza-tesbih-19\/","title":{"rendered":"Usta \u0130\u015fi Zamak Zaza Tesbih"},"content":{"rendered":"<div id=\"rich-content-wrapper\">\n<div>\n<p><b>\u00dcr\u00fcn \u00d6zellikleri:<\/b><\/p>\n<ul>\n<li><b>Tasar\u0131m Tipi:<\/b> Zaza Tesbih (Efe Model olarak da bilinir).<\/li>\n<li><b>Ana Materyal:<\/b> Dayan\u0131kl\u0131 Zamak Ala\u015f\u0131m. The New Jersey Zinc Company taraf\u0131ndan 1920&#8217;lerde bulunan Zamak, Almanca <b>\u00e7inko (Zink), al\u00fcminyum (Aluminium), magnezyum (MAgnesium) ve bak\u0131r\u0131n (Kupfer) ba\u015f harflerinden olu\u015fturulmu\u015f bir isimdir<\/b>. Son derece sa\u011flam kopmaya, esnemeye, k\u0131r\u0131lmaya dayan\u0131kl\u0131 bir ala\u015f\u0131md\u0131r.<\/li>\n<li><b>\u0130\u015fleme Detay\u0131:<\/b> Zamak \u00fczerine i\u015fleme\/\u00e7akma detaylar.<\/li>\n<li><b>\u0130\u015f\u00e7ilik:<\/b> Usta i\u015fi, detayl\u0131 metal d\u00f6k\u00fcm ve montaj.<\/li>\n<li><b>P\u00fcsk\u00fcl:<\/b> Kararmaz metal zincir ve \u00f6zel tasar\u0131m u\u00e7lar.<\/li>\n<li><b>Kullan\u0131m:<\/b> G\u00fcnl\u00fck \u00e7ekime uygundur, eldeki duru\u015fu tok ve a\u011f\u0131rl\u0131kl\u0131d\u0131r.<\/li>\n<li><b>Kutu \u0130\u00e7eri\u011fi:<\/b> 1 Adet \u00d6zel Tasar\u0131m<\/li>\n<\/ul>\n<p><b>Neden Bu Tesbihi Se\u00e7melisiniz?<\/b><\/p>\n<ul>\n<li>Stres atmaya yard\u0131mc\u0131, ergonomik yap\u0131.<\/li>\n<li>Solma ve a\u015f\u0131nmaya kar\u015f\u0131 diren\u00e7li materyal kalitesi.<\/li>\n<\/ul>\n<\/div>\n<\/div>\n","protected":false},"excerpt":{"rendered":"<p>\u00dcr\u00fcn \u00d6zellikleri: Tasar\u0131m Tipi: Zaza Tesbih (Efe Model olarak da bilinir). Ana Materyal: Dayan\u0131kl\u0131 Zamak Ala\u015f\u0131m. The New Jersey Zinc Company taraf\u0131ndan 1920&#8217;lerde bulunan Zamak, Almanca \u00e7inko (Zink), al\u00fcminyum (Aluminium), magnezyum (MAgnesium) ve bak\u0131r\u0131n (Kupfer) ba\u015f harflerinden olu\u015fturulmu\u015f bir isimdir. Son derece sa\u011flam kopmaya, esnemeye, k\u0131r\u0131lmaya dayan\u0131kl\u0131 bir ala\u015f\u0131md\u0131r. \u0130\u015fleme Detay\u0131: Zamak \u00fczerine i\u015fleme\/\u00e7akma detaylar. [&hellip;]<\/p>\n","protected":false},"featured_media":2179,"comment_status":"open","ping_status":"closed","template":"","meta":{"advanced_seo_description":"","jetpack_seo_html_title":"","jetpack_seo_noindex":false,"jetpack_publicize_message":"","jetpack_publicize_feature_enabled":true,"jetpack_social_post_already_shared":false,"jetpack_social_options":{"image_generator_settings":{"template":"highway","default_image_id":0,"font":"","enabled":false},"version":2}},"product_brand":[159],"product_cat":[151],"product_tag":[163,165,164,162,161],"class_list":{"0":"post-2207","1":"product","2":"type-product","3":"status-publish","4":"has-post-thumbnail","6":"product_brand-aytens","7":"product_cat-tesbih","8":"product_tag-tesbih","9":"product_tag-usta-isi","10":"product_tag-zamak","11":"product_tag-zaza","12":"product_tag-zaza-tesbih","14":"first","15":"instock","16":"taxable","17":"shipping-taxable","18":"purchasable","19":"product-type-simple"},"jetpack_publicize_connections":[],"jetpack_sharing_enabled":true,"_links":{"self":[{"href":"https:\/\/aytens.com\/magaza\/wp-json\/wp\/v2\/product\/2207","targetHints":{"allow":["GET"]}}],"collection":[{"href":"https:\/\/aytens.com\/magaza\/wp-json\/wp\/v2\/product"}],"about":[{"href":"https:\/\/aytens.com\/magaza\/wp-json\/wp\/v2\/types\/product"}],"replies":[{"embeddable":true,"href":"https:\/\/aytens.com\/magaza\/wp-json\/wp\/v2\/comments?post=2207"}],"wp:featuredmedia":[{"embeddable":true,"href":"https:\/\/aytens.com\/magaza\/wp-json\/wp\/v2\/media\/2179"}],"wp:attachment":[{"href":"https:\/\/aytens.com\/magaza\/wp-json\/wp\/v2\/media?parent=2207"}],"wp:term":[{"taxonomy":"product_brand","embeddable":true,"href":"https:\/\/aytens.com\/magaza\/wp-json\/wp\/v2\/product_brand?post=2207"},{"taxonomy":"product_cat","embeddable":true,"href":"https:\/\/aytens.com\/magaza\/wp-json\/wp\/v2\/product_cat?post=2207"},{"taxonomy":"product_tag","embeddable":true,"href":"https:\/\/aytens.com\/magaza\/wp-json\/wp\/v2\/product_tag?post=2207"}],"curies":[{"name":"wp","href":"https:\/\/api.w.org\/{rel}","templated":true}]}}