{"id":2515,"date":"2026-01-24T15:31:05","date_gmt":"2026-01-24T12:31:05","guid":{"rendered":"https:\/\/aytens.com\/magaza\/?post_type=product&#038;p=2515"},"modified":"2026-04-02T14:44:48","modified_gmt":"2026-04-02T11:44:48","slug":"orijinal-ametist-dogal-tas-bileklik-zirkon-tasli-pirinc-islemeli","status":"publish","type":"product","link":"https:\/\/aytens.com\/magaza\/urun\/orijinal-ametist-dogal-tas-bileklik-zirkon-tasli-pirinc-islemeli\/","title":{"rendered":"Orijinal Ametist Do\u011fal Ta\u015f Bileklik &#8211; Zirkon Ta\u015fl\u0131 Pirin\u00e7 \u0130\u015flemeli"},"content":{"rendered":"<p>\u00dcr\u00fcn Hakk\u0131nda: Mistik mor rengi ve y\u00fcksek enerjisiyle bilinen 1. Kalite Do\u011fal Ametist ta\u015flar\u0131n\u0131n zarafeti, bu \u00f6zel tasar\u0131m bileklikte birle\u015fiyor. Bilekli\u011fin odak noktas\u0131nda, zamak \u00fczerine parlak zirkon ta\u015flarla bezenmi\u015f pirin\u00e7 detayl\u0131 ara par\u00e7a yer al\u0131r. Bu par\u00e7a, tasar\u0131ma modern ve l\u00fcks bir dokunu\u015f katarken, Ametist&#8217;in do\u011fal g\u00fczelli\u011fini \u00f6n plana \u00e7\u0131kar\u0131r.Ametist Ta\u015f\u0131n\u0131n G\u00fcc\u00fc: &#8220;Deneyge ve Huzur Ta\u015f\u0131&#8221; olarak da bilinen Ametist; stresi azaltt\u0131\u011f\u0131na, zihni sakinle\u015ftirdi\u011fine, uyku kalitesini art\u0131rd\u0131\u011f\u0131na ve negatif enerjiyi d\u00f6n\u00fc\u015ft\u00fcrd\u00fc\u011f\u00fcne inan\u0131l\u0131r. Meditasyon ve ruhsal \u00e7al\u0131\u015fmalar i\u00e7in ideal bir ta\u015ft\u0131r.\u00d6ne \u00c7\u0131kan \u00d6zellikler:Ta\u015f Cinsi: 0 Do\u011fal Ametist (Amethyst)Metal Detay: Parlak Zirkon ta\u015flarla bezenmi\u015f Zamak \u00fczeri Pirin\u00e7\/Alt\u0131n kaplama.Tasar\u0131m: Konforlu kullan\u0131m i\u00e7in esnek misinal\u0131 ve dayan\u0131kl\u0131 yap\u0131.Renk: Canl\u0131 Mor ve Alt\u0131n Rengi\/Zirkon Detay.Bak\u0131m Notu: Ametist ta\u015f\u0131n\u0131n rengini korumak i\u00e7in do\u011frudan g\u00fcne\u015f \u0131\u015f\u0131\u011f\u0131ndan uzak tutunuz. Metal detaylar\u0131n parlakl\u0131\u011f\u0131n\u0131 korumas\u0131 i\u00e7in parf\u00fcm, deterjan ve deniz suyu temas\u0131ndan ka\u00e7\u0131n\u0131n\u0131z.<\/p>\n","protected":false},"excerpt":{"rendered":"<p>\u00dcr\u00fcn Hakk\u0131nda: Mistik mor rengi ve y\u00fcksek enerjisiyle bilinen 1. Kalite Do\u011fal Ametist ta\u015flar\u0131n\u0131n zarafeti, bu \u00f6zel tasar\u0131m bileklikte birle\u015fiyor. Bilekli\u011fin odak noktas\u0131nda, zamak \u00fczerine parlak zirkon ta\u015flarla bezenmi\u015f pirin\u00e7 detayl\u0131 ara par\u00e7a yer al\u0131r. Bu par\u00e7a, tasar\u0131ma modern ve l\u00fcks bir dokunu\u015f katarken, Ametist&#8217;in do\u011fal g\u00fczelli\u011fini \u00f6n plana \u00e7\u0131kar\u0131r.Ametist Ta\u015f\u0131n\u0131n G\u00fcc\u00fc: &#8220;Deneyge ve Huzur [&hellip;]<\/p>\n","protected":false},"featured_media":2041,"comment_status":"open","ping_status":"closed","template":"","meta":{"advanced_seo_description":"","jetpack_seo_html_title":"","jetpack_seo_noindex":false,"jetpack_publicize_message":"","jetpack_publicize_feature_enabled":true,"jetpack_social_post_already_shared":false,"jetpack_social_options":{"image_generator_settings":{"template":"highway","default_image_id":0,"font":"","enabled":false},"version":2}},"product_brand":[146],"product_cat":[22,32],"product_tag":[],"class_list":{"0":"post-2515","1":"product","2":"type-product","3":"status-publish","4":"has-post-thumbnail","6":"product_brand-aytens-taki","7":"product_cat-bileklik","8":"product_cat-dogal-tas-bileklik","10":"first","11":"instock","12":"taxable","13":"shipping-taxable","14":"purchasable","15":"product-type-simple"},"jetpack_publicize_connections":[],"jetpack_sharing_enabled":true,"_links":{"self":[{"href":"https:\/\/aytens.com\/magaza\/wp-json\/wp\/v2\/product\/2515","targetHints":{"allow":["GET"]}}],"collection":[{"href":"https:\/\/aytens.com\/magaza\/wp-json\/wp\/v2\/product"}],"about":[{"href":"https:\/\/aytens.com\/magaza\/wp-json\/wp\/v2\/types\/product"}],"replies":[{"embeddable":true,"href":"https:\/\/aytens.com\/magaza\/wp-json\/wp\/v2\/comments?post=2515"}],"wp:featuredmedia":[{"embeddable":true,"href":"https:\/\/aytens.com\/magaza\/wp-json\/wp\/v2\/media\/2041"}],"wp:attachment":[{"href":"https:\/\/aytens.com\/magaza\/wp-json\/wp\/v2\/media?parent=2515"}],"wp:term":[{"taxonomy":"product_brand","embeddable":true,"href":"https:\/\/aytens.com\/magaza\/wp-json\/wp\/v2\/product_brand?post=2515"},{"taxonomy":"product_cat","embeddable":true,"href":"https:\/\/aytens.com\/magaza\/wp-json\/wp\/v2\/product_cat?post=2515"},{"taxonomy":"product_tag","embeddable":true,"href":"https:\/\/aytens.com\/magaza\/wp-json\/wp\/v2\/product_tag?post=2515"}],"curies":[{"name":"wp","href":"https:\/\/api.w.org\/{rel}","templated":true}]}}