{"id":2522,"date":"2026-01-24T11:57:13","date_gmt":"2026-01-24T08:57:13","guid":{"rendered":"https:\/\/aytens.com\/magaza\/?post_type=product&#038;p=2522"},"modified":"2026-01-24T11:57:14","modified_gmt":"2026-01-24T08:57:14","slug":"orijinal-ay-tasi-dogal-tas-bileklik","status":"publish","type":"product","link":"https:\/\/aytens.com\/magaza\/urun\/orijinal-ay-tasi-dogal-tas-bileklik\/","title":{"rendered":"Orijinal Ay Ta\u015f\u0131 Do\u011fal Ta\u015f Bileklik"},"content":{"rendered":"<p>Zarafetin ve safl\u0131\u011f\u0131n simgesi&#8230; Do\u011fan\u0131n en huzurlu tonlar\u0131n\u0131 ta\u015f\u0131yan bu Ay Ta\u015f\u0131 (Moonstone) bileklik, s\u00fct beyaz\u0131 ve gri ge\u00e7i\u015fli dokusuyla g\u00f6z kama\u015ft\u0131r\u0131yor. Bilekli\u011fin merkezinde bulunan otantik i\u015flemeli silindir aparat, tasar\u0131ma &#8220;ya\u015fanm\u0131\u015fl\u0131k&#8221; hissi katan vintage bir \u015f\u0131kl\u0131k sunuyor.Ta\u015f\u0131n Enerjisi ve Faydalar\u0131:Duygusal Dengeleyici: Ay ta\u015f\u0131, duygusal dalgalanmalar\u0131 yat\u0131\u015ft\u0131r\u0131r ve i\u00e7 huzuru art\u0131r\u0131r.Di\u015fil Enerji: Sezgileri kuvvetlendirir ve &#8220;yeni ba\u015flang\u0131\u00e7lar\u0131n ta\u015f\u0131&#8221; olarak bilinir.Sakinlik: Stresli ve gergin g\u00fcnlerde yat\u0131\u015ft\u0131r\u0131c\u0131 bir etki sa\u011flar.Teknik \u00d6zellikler:Materyal: Do\u011fal Ay Ta\u015f\u0131 (Moonstone) \/ (E\u011fer Beyaz Akik ise buray\u0131 de\u011fi\u015ftiriniz)Renk: Beyaz, K\u0131r\u0131k Beyaz, A\u00e7\u0131k GriTasar\u0131m:\u00a0Zamak \u00fczerine prin\u00e7 i\u015fleme\u00a0detayl\u0131 \u00f6zel tasar\u0131m metal aparat, lastikli rahat kullan\u0131m.Beden: Her bile\u011fe uyum sa\u011flayan standart esnek yap\u0131.<\/p>\n","protected":false},"excerpt":{"rendered":"<p>Zarafetin ve safl\u0131\u011f\u0131n simgesi&#8230; Do\u011fan\u0131n en huzurlu tonlar\u0131n\u0131 ta\u015f\u0131yan bu Ay Ta\u015f\u0131 (Moonstone) bileklik, s\u00fct beyaz\u0131 ve gri ge\u00e7i\u015fli dokusuyla g\u00f6z kama\u015ft\u0131r\u0131yor. Bilekli\u011fin merkezinde bulunan otantik i\u015flemeli silindir aparat, tasar\u0131ma &#8220;ya\u015fanm\u0131\u015fl\u0131k&#8221; hissi katan vintage bir \u015f\u0131kl\u0131k sunuyor.Ta\u015f\u0131n Enerjisi ve Faydalar\u0131:Duygusal Dengeleyici: Ay ta\u015f\u0131, duygusal dalgalanmalar\u0131 yat\u0131\u015ft\u0131r\u0131r ve i\u00e7 huzuru art\u0131r\u0131r.Di\u015fil Enerji: Sezgileri kuvvetlendirir ve &#8220;yeni [&hellip;]<\/p>\n","protected":false},"featured_media":2023,"comment_status":"open","ping_status":"closed","template":"","meta":{"advanced_seo_description":"","jetpack_seo_html_title":"","jetpack_seo_noindex":false,"jetpack_publicize_message":"","jetpack_publicize_feature_enabled":true,"jetpack_social_post_already_shared":false,"jetpack_social_options":{"image_generator_settings":{"template":"highway","default_image_id":0,"font":"","enabled":false},"version":2}},"product_brand":[146],"product_cat":[22,32],"product_tag":[],"class_list":{"0":"post-2522","1":"product","2":"type-product","3":"status-publish","4":"has-post-thumbnail","6":"product_brand-aytens-taki","7":"product_cat-bileklik","8":"product_cat-dogal-tas-bileklik","10":"first","11":"instock","12":"taxable","13":"shipping-taxable","14":"purchasable","15":"product-type-simple"},"jetpack_publicize_connections":[],"jetpack_sharing_enabled":true,"_links":{"self":[{"href":"https:\/\/aytens.com\/magaza\/wp-json\/wp\/v2\/product\/2522","targetHints":{"allow":["GET"]}}],"collection":[{"href":"https:\/\/aytens.com\/magaza\/wp-json\/wp\/v2\/product"}],"about":[{"href":"https:\/\/aytens.com\/magaza\/wp-json\/wp\/v2\/types\/product"}],"replies":[{"embeddable":true,"href":"https:\/\/aytens.com\/magaza\/wp-json\/wp\/v2\/comments?post=2522"}],"wp:featuredmedia":[{"embeddable":true,"href":"https:\/\/aytens.com\/magaza\/wp-json\/wp\/v2\/media\/2023"}],"wp:attachment":[{"href":"https:\/\/aytens.com\/magaza\/wp-json\/wp\/v2\/media?parent=2522"}],"wp:term":[{"taxonomy":"product_brand","embeddable":true,"href":"https:\/\/aytens.com\/magaza\/wp-json\/wp\/v2\/product_brand?post=2522"},{"taxonomy":"product_cat","embeddable":true,"href":"https:\/\/aytens.com\/magaza\/wp-json\/wp\/v2\/product_cat?post=2522"},{"taxonomy":"product_tag","embeddable":true,"href":"https:\/\/aytens.com\/magaza\/wp-json\/wp\/v2\/product_tag?post=2522"}],"curies":[{"name":"wp","href":"https:\/\/api.w.org\/{rel}","templated":true}]}}