{"id":2531,"date":"2026-01-24T13:33:46","date_gmt":"2026-01-24T10:33:46","guid":{"rendered":"https:\/\/aytens.com\/magaza\/?post_type=product&#038;p=2531"},"modified":"2026-01-24T13:36:53","modified_gmt":"2026-01-24T10:36:53","slug":"dogal-inci-yuzuk-2","status":"publish","type":"product","link":"https:\/\/aytens.com\/magaza\/urun\/dogal-inci-yuzuk-2\/","title":{"rendered":"Do\u011fal \u0130nci Y\u00fcz\u00fck"},"content":{"rendered":"<p>Do\u011fal Tatl\u0131 su incisidir.Do\u011fall\u0131\u011f\u0131ndan dolay\u0131 inci taneleri farkl\u0131l\u0131k g\u00f6sterebilir.\u0130nci tanesinin boyutu ortalama 3-4 mm aras\u0131ndad\u0131r.Kaliteli esnek misina kullan\u0131lm\u0131\u015ft\u0131r.Parlak y\u00fczeyi ile g\u00f6z al\u0131c\u0131 bir g\u00f6r\u00fcn\u00fcm sunar ve her ortamda dikkat \u00e7ekici bir stil olu\u015fturman\u0131z\u0131 sa\u011flar.Tatl\u0131 su incisi materyali, zarifli\u011fi ve nadirli\u011fi ile \u00f6ne \u00e7\u0131kar; her par\u00e7a benzersiz ve \u00f6zg\u00fcn bir dokunu\u015f sunar.Do\u011fal ta\u015f kullan\u0131m\u0131, her y\u00fcz\u00fc\u011f\u00fcn e\u015fsiz ve otantik bir karakter kazanmas\u0131n\u0131 sa\u011flar.Her bir y\u00fcz\u00fck, do\u011fan\u0131n g\u00fczelliklerini parmaklar\u0131n\u0131za ta\u015f\u0131r.<\/p>\n","protected":false},"excerpt":{"rendered":"<p>Do\u011fal Tatl\u0131 su incisidir.Do\u011fall\u0131\u011f\u0131ndan dolay\u0131 inci taneleri farkl\u0131l\u0131k g\u00f6sterebilir.\u0130nci tanesinin boyutu ortalama 3-4 mm aras\u0131ndad\u0131r.Kaliteli esnek misina kullan\u0131lm\u0131\u015ft\u0131r.Parlak y\u00fczeyi ile g\u00f6z al\u0131c\u0131 bir g\u00f6r\u00fcn\u00fcm sunar ve her ortamda dikkat \u00e7ekici bir stil olu\u015fturman\u0131z\u0131 sa\u011flar.Tatl\u0131 su incisi materyali, zarifli\u011fi ve nadirli\u011fi ile \u00f6ne \u00e7\u0131kar; her par\u00e7a benzersiz ve \u00f6zg\u00fcn bir dokunu\u015f sunar.Do\u011fal ta\u015f kullan\u0131m\u0131, her y\u00fcz\u00fc\u011f\u00fcn [&hellip;]<\/p>\n","protected":false},"featured_media":2696,"comment_status":"open","ping_status":"closed","template":"","meta":{"advanced_seo_description":"","jetpack_seo_html_title":"","jetpack_seo_noindex":false,"jetpack_publicize_message":"","jetpack_publicize_feature_enabled":true,"jetpack_social_post_already_shared":false,"jetpack_social_options":{"image_generator_settings":{"template":"highway","default_image_id":0,"font":"","enabled":false},"version":2}},"product_brand":[146],"product_cat":[170,25],"product_tag":[],"class_list":{"0":"post-2531","1":"product","2":"type-product","3":"status-publish","4":"has-post-thumbnail","6":"product_brand-aytens-taki","7":"product_cat-bakir-yuzuk","8":"product_cat-yuzuk","10":"first","11":"instock","12":"featured","13":"taxable","14":"shipping-taxable","15":"purchasable","16":"product-type-simple"},"jetpack_publicize_connections":[],"jetpack_sharing_enabled":true,"_links":{"self":[{"href":"https:\/\/aytens.com\/magaza\/wp-json\/wp\/v2\/product\/2531","targetHints":{"allow":["GET"]}}],"collection":[{"href":"https:\/\/aytens.com\/magaza\/wp-json\/wp\/v2\/product"}],"about":[{"href":"https:\/\/aytens.com\/magaza\/wp-json\/wp\/v2\/types\/product"}],"replies":[{"embeddable":true,"href":"https:\/\/aytens.com\/magaza\/wp-json\/wp\/v2\/comments?post=2531"}],"wp:featuredmedia":[{"embeddable":true,"href":"https:\/\/aytens.com\/magaza\/wp-json\/wp\/v2\/media\/2696"}],"wp:attachment":[{"href":"https:\/\/aytens.com\/magaza\/wp-json\/wp\/v2\/media?parent=2531"}],"wp:term":[{"taxonomy":"product_brand","embeddable":true,"href":"https:\/\/aytens.com\/magaza\/wp-json\/wp\/v2\/product_brand?post=2531"},{"taxonomy":"product_cat","embeddable":true,"href":"https:\/\/aytens.com\/magaza\/wp-json\/wp\/v2\/product_cat?post=2531"},{"taxonomy":"product_tag","embeddable":true,"href":"https:\/\/aytens.com\/magaza\/wp-json\/wp\/v2\/product_tag?post=2531"}],"curies":[{"name":"wp","href":"https:\/\/api.w.org\/{rel}","templated":true}]}}