{"id":2539,"date":"2026-01-24T13:29:24","date_gmt":"2026-01-24T10:29:24","guid":{"rendered":"https:\/\/aytens.com\/magaza\/?post_type=product&#038;p=2539"},"modified":"2026-01-24T13:34:36","modified_gmt":"2026-01-24T10:34:36","slug":"el-isciligi-bakir-yuzuk-antik-esintili-gunluk-kullanim-tasarim","status":"publish","type":"product","link":"https:\/\/aytens.com\/magaza\/urun\/el-isciligi-bakir-yuzuk-antik-esintili-gunluk-kullanim-tasarim\/","title":{"rendered":"El \u0130\u015f\u00e7ili\u011fi Bak\u0131r Y\u00fcz\u00fck &#8211; Antik Esintili G\u00fcnl\u00fck Kullan\u0131m Tasar\u0131m"},"content":{"rendered":"<p>El yap\u0131m\u0131 0 bak\u0131r malzemesiyle \u00fcretilmi\u015f, dayan\u0131kl\u0131l\u0131\u011f\u0131 ve \u015f\u0131k tasar\u0131m\u0131yla dikkat \u00e7eken bir aksesuar.Hem modern hem de klasik tarza uyum sa\u011flayarak her t\u00fcrl\u00fc k\u0131yafetle kombinlenebilir.Unisex tasar\u0131m\u0131 sayesinde kad\u0131n veya erkek kullan\u0131c\u0131lar\u0131n rahatl\u0131kla tercih edebilece\u011fi, zamans\u0131z bir aksesuar se\u00e7ene\u011fi sunar.Bak\u0131r materyali ile do\u011fal g\u00fczelli\u011fini \u00f6n plana \u00e7\u0131karan bu bilezik, g\u00fcnl\u00fck kullan\u0131m i\u00e7in idealdir.<\/p>\n","protected":false},"excerpt":{"rendered":"<p>El yap\u0131m\u0131 0 bak\u0131r malzemesiyle \u00fcretilmi\u015f, dayan\u0131kl\u0131l\u0131\u011f\u0131 ve \u015f\u0131k tasar\u0131m\u0131yla dikkat \u00e7eken bir aksesuar.Hem modern hem de klasik tarza uyum sa\u011flayarak her t\u00fcrl\u00fc k\u0131yafetle kombinlenebilir.Unisex tasar\u0131m\u0131 sayesinde kad\u0131n veya erkek kullan\u0131c\u0131lar\u0131n rahatl\u0131kla tercih edebilece\u011fi, zamans\u0131z bir aksesuar se\u00e7ene\u011fi sunar.Bak\u0131r materyali ile do\u011fal g\u00fczelli\u011fini \u00f6n plana \u00e7\u0131karan bu bilezik, g\u00fcnl\u00fck kullan\u0131m i\u00e7in idealdir.<\/p>\n","protected":false},"featured_media":2974,"comment_status":"open","ping_status":"closed","template":"","meta":{"advanced_seo_description":"","jetpack_seo_html_title":"","jetpack_seo_noindex":false,"jetpack_publicize_message":"","jetpack_publicize_feature_enabled":true,"jetpack_social_post_already_shared":false,"jetpack_social_options":{"image_generator_settings":{"template":"highway","default_image_id":0,"font":"","enabled":false},"version":2}},"product_brand":[159],"product_cat":[170,25],"product_tag":[],"class_list":{"0":"post-2539","1":"product","2":"type-product","3":"status-publish","4":"has-post-thumbnail","6":"product_brand-aytens","7":"product_cat-bakir-yuzuk","8":"product_cat-yuzuk","10":"first","11":"instock","12":"taxable","13":"shipping-taxable","14":"purchasable","15":"product-type-simple"},"jetpack_publicize_connections":[],"jetpack_sharing_enabled":true,"_links":{"self":[{"href":"https:\/\/aytens.com\/magaza\/wp-json\/wp\/v2\/product\/2539","targetHints":{"allow":["GET"]}}],"collection":[{"href":"https:\/\/aytens.com\/magaza\/wp-json\/wp\/v2\/product"}],"about":[{"href":"https:\/\/aytens.com\/magaza\/wp-json\/wp\/v2\/types\/product"}],"replies":[{"embeddable":true,"href":"https:\/\/aytens.com\/magaza\/wp-json\/wp\/v2\/comments?post=2539"}],"wp:featuredmedia":[{"embeddable":true,"href":"https:\/\/aytens.com\/magaza\/wp-json\/wp\/v2\/media\/2974"}],"wp:attachment":[{"href":"https:\/\/aytens.com\/magaza\/wp-json\/wp\/v2\/media?parent=2539"}],"wp:term":[{"taxonomy":"product_brand","embeddable":true,"href":"https:\/\/aytens.com\/magaza\/wp-json\/wp\/v2\/product_brand?post=2539"},{"taxonomy":"product_cat","embeddable":true,"href":"https:\/\/aytens.com\/magaza\/wp-json\/wp\/v2\/product_cat?post=2539"},{"taxonomy":"product_tag","embeddable":true,"href":"https:\/\/aytens.com\/magaza\/wp-json\/wp\/v2\/product_tag?post=2539"}],"curies":[{"name":"wp","href":"https:\/\/api.w.org\/{rel}","templated":true}]}}