{"id":2555,"date":"2026-01-14T23:08:24","date_gmt":"2026-01-14T20:08:24","guid":{"rendered":"https:\/\/aytens.com\/magaza\/?post_type=product&#038;p=2555"},"modified":"2026-01-14T23:23:41","modified_gmt":"2026-01-14T20:23:41","slug":"dogal-siyah-inci-kolye-gumus-renk-paslanmaz-celik-zincir-ve-o-t-kapama-kombinli","status":"publish","type":"product","link":"https:\/\/aytens.com\/magaza\/urun\/dogal-siyah-inci-kolye-gumus-renk-paslanmaz-celik-zincir-ve-o-t-kapama-kombinli\/","title":{"rendered":"Do\u011fal siyah inci kolye, g\u00fcm\u00fc\u015f renk paslanmaz \u00e7elik zincir ve O-T kapama kombinli"},"content":{"rendered":"<p>Gecenin Gizemi, Zarafetin \u0130ncisi: Do\u011fal Siyah \u0130nci KolyeB\u00fcy\u00fcleyici ve zamans\u0131z bir zarafet arayanlar i\u00e7in tasarland\u0131. Bu e\u015fsiz kolye, derinlikli siyah rengi ve kendine has \u0131\u015f\u0131lt\u0131s\u0131yla g\u00f6z kama\u015ft\u0131ran\u00a0do\u011fal siyah incisiile \u00f6ne \u00e7\u0131k\u0131yor. Her bir inci, okyanusun mistik derinliklerinden gelen benzersiz bir hediye, do\u011fan\u0131n kusursuz sanat\u0131n\u0131n bir yans\u0131mas\u0131.Kolyenin modern ve dayan\u0131kl\u0131 yap\u0131s\u0131n\u0131\u00a0paslanmaz \u00e7elik zincirtamaml\u0131yor. Paslanmaz \u00e7eli\u011fin asil parlakl\u0131\u011f\u0131, siyah incinin gizemli g\u00fczelli\u011fiyle kusursuz bir uyum yakalarken, uzun \u00f6m\u00fcrl\u00fc kullan\u0131m vadediyor. G\u00fcnl\u00fck \u015f\u0131kl\u0131\u011f\u0131n\u0131zdan \u00f6zel davetlere kadar her an\u0131n\u0131za e\u015flik edecek bu zarif detay, stilinizi bir \u00fcst seviyeye ta\u015f\u0131yacak.Kullan\u0131m kolayl\u0131\u011f\u0131 ve \u015f\u0131kl\u0131\u011f\u0131 bir arada sunan\u00a0O-T kapamamekanizmas\u0131, kolyenizi g\u00fcvenle ta\u015f\u0131man\u0131z\u0131 sa\u011flar. Zarif tasar\u0131m\u0131 sayesinde kolyenin genel esteti\u011fine kusursuz bir \u015fekilde entegre olur.Bu \u00f6zel kolye ile:Do\u011fal siyah incinin e\u015fsiz ve b\u00fcy\u00fcleyici g\u00fczelli\u011fini \u00fczerinizde ta\u015f\u0131y\u0131n.Paslanmaz \u00e7eli\u011fin modern ve dayan\u0131kl\u0131 \u015f\u0131kl\u0131\u011f\u0131na sahip olun.O-T kapama sayesinde kolay ve g\u00fcvenli kullan\u0131m\u0131n keyfini \u00e7\u0131kar\u0131n.Hem g\u00fcnl\u00fck tarz\u0131n\u0131za hem de \u00f6zel g\u00fcnlerinizdeki zarafetinize sofistike bir dokunu\u015f kat\u0131n.Sevdiklerinize unutulmaz ve anlaml\u0131 bir hediye verin.\u00dcr\u00fcn Detaylar\u0131:\u00a0\u0130nci T\u00fcr\u00fc:Do\u011fal Siyah \u0130nci\u00a0Zincir Malzemesi:Paslanmaz \u00c7elik\u00a0Kapama Mekanizmas\u0131:O-T Kapama\u00a0Stil:Modern, Zarif, Zamans\u0131zBu do\u011fal siyah inci kolye, sadece bir aksesuar de\u011fil, ayn\u0131 zamanda ki\u015fili\u011finizin ve zevkinizin de bir ifadesi. \u015eimdi sepetinize ekleyin ve bu e\u015fsiz g\u00fczelli\u011fin \u0131\u015f\u0131lt\u0131s\u0131n\u0131 hayat\u0131n\u0131za kat\u0131n!\u00a0Kolye \u00d6zellikleri:Paslanmaz \u00e7elik kombinli inci kolye ; Do\u011fal tatl\u0131 su incisidir.; Do\u011fall\u0131\u011f\u0131ndan dolay\u0131 inci tanelerinin \u015fekilleri farkl\u0131l\u0131k g\u00f6sterebilir.; Paslanmaz \u00e7elik zincir kullan\u0131lm\u0131\u015ft\u0131r.; inci taneleri ortalama 3-4 mm, kolye 45 cm.; \u0130nci ta\u015f\u0131, dayan\u0131kl\u0131l\u0131\u011f\u0131 ve estetik g\u00f6r\u00fcn\u00fcm\u00fc ile bilinir; uzun s\u00fcreli kullan\u0131m i\u00e7in idealdir.; Temizli\u011finde kimyasal kullanmay\u0131n\u0131z.; Hafif nemli bir bezle silebilirsiniz.; KUTUSUZ olarak g\u00f6nderilir.;<\/p>\n","protected":false},"excerpt":{"rendered":"<p>Gecenin Gizemi, Zarafetin \u0130ncisi: Do\u011fal Siyah \u0130nci KolyeB\u00fcy\u00fcleyici ve zamans\u0131z bir zarafet arayanlar i\u00e7in tasarland\u0131. Bu e\u015fsiz kolye, derinlikli siyah rengi ve kendine has \u0131\u015f\u0131lt\u0131s\u0131yla g\u00f6z kama\u015ft\u0131ran\u00a0do\u011fal siyah incisiile \u00f6ne \u00e7\u0131k\u0131yor. Her bir inci, okyanusun mistik derinliklerinden gelen benzersiz bir hediye, do\u011fan\u0131n kusursuz sanat\u0131n\u0131n bir yans\u0131mas\u0131.Kolyenin modern ve dayan\u0131kl\u0131 yap\u0131s\u0131n\u0131\u00a0paslanmaz \u00e7elik zincirtamaml\u0131yor. Paslanmaz \u00e7eli\u011fin asil [&hellip;]<\/p>\n","protected":false},"featured_media":2877,"comment_status":"open","ping_status":"closed","template":"","meta":{"advanced_seo_description":"","jetpack_seo_html_title":"","jetpack_seo_noindex":false,"jetpack_publicize_message":"","jetpack_publicize_feature_enabled":true,"jetpack_social_post_already_shared":false,"jetpack_social_options":{"image_generator_settings":{"template":"highway","default_image_id":0,"font":"","enabled":false},"version":2}},"product_brand":[146],"product_cat":[27,21],"product_tag":[],"class_list":{"0":"post-2555","1":"product","2":"type-product","3":"status-publish","4":"has-post-thumbnail","6":"product_brand-aytens-taki","7":"product_cat-inci-kolye","8":"product_cat-kolye","10":"first","11":"instock","12":"taxable","13":"shipping-taxable","14":"purchasable","15":"product-type-simple"},"jetpack_publicize_connections":[],"jetpack_sharing_enabled":true,"_links":{"self":[{"href":"https:\/\/aytens.com\/magaza\/wp-json\/wp\/v2\/product\/2555","targetHints":{"allow":["GET"]}}],"collection":[{"href":"https:\/\/aytens.com\/magaza\/wp-json\/wp\/v2\/product"}],"about":[{"href":"https:\/\/aytens.com\/magaza\/wp-json\/wp\/v2\/types\/product"}],"replies":[{"embeddable":true,"href":"https:\/\/aytens.com\/magaza\/wp-json\/wp\/v2\/comments?post=2555"}],"wp:featuredmedia":[{"embeddable":true,"href":"https:\/\/aytens.com\/magaza\/wp-json\/wp\/v2\/media\/2877"}],"wp:attachment":[{"href":"https:\/\/aytens.com\/magaza\/wp-json\/wp\/v2\/media?parent=2555"}],"wp:term":[{"taxonomy":"product_brand","embeddable":true,"href":"https:\/\/aytens.com\/magaza\/wp-json\/wp\/v2\/product_brand?post=2555"},{"taxonomy":"product_cat","embeddable":true,"href":"https:\/\/aytens.com\/magaza\/wp-json\/wp\/v2\/product_cat?post=2555"},{"taxonomy":"product_tag","embeddable":true,"href":"https:\/\/aytens.com\/magaza\/wp-json\/wp\/v2\/product_tag?post=2555"}],"curies":[{"name":"wp","href":"https:\/\/api.w.org\/{rel}","templated":true}]}}