{"id":2566,"date":"2026-01-13T21:58:51","date_gmt":"2026-01-13T18:58:51","guid":{"rendered":"https:\/\/aytens.com\/magaza\/?post_type=product&#038;p=2566"},"modified":"2026-01-13T22:07:06","modified_gmt":"2026-01-13T19:07:06","slug":"dogal-inci-ve-paslanmaz-celik-detayli-kolye","status":"publish","type":"product","link":"https:\/\/aytens.com\/magaza\/urun\/dogal-inci-ve-paslanmaz-celik-detayli-kolye\/","title":{"rendered":"Do\u011fal \u0130nci ve Paslanmaz \u00c7elik Detayl\u0131 Kolye"},"content":{"rendered":"<p>Minimalist I\u015f\u0131lt\u0131: Do\u011fal \u0130nci ve Paslanmaz \u00c7elik Detayl\u0131 Kolye<\/p>\n<p>Sade ve modern bir zarafet arayanlar i\u00e7in \u00f6zel olarak tasarland\u0131. Bu e\u015fsiz kolye, her biri\u00a03-4 mm\u00a0boyutundaki do\u011fal incilerin b\u00fcy\u00fcleyici \u0131\u015f\u0131lt\u0131s\u0131n\u0131,\u00a0paslanmaz \u00e7elik boncuklar\u0131n\u00a0modern dokunu\u015fuyla bir araya getiriyor. \u0130nci taneleri aras\u0131ndaki zarif paslanmaz \u00e7elik boncuklar, kolyeye sofistike bir ritim ve parlakl\u0131k katarken, incilerin do\u011fal g\u00fczelli\u011fini \u00f6n plana \u00e7\u0131kar\u0131r.\u00a0Kolyenin dayan\u0131kl\u0131 ve \u015f\u0131k yap\u0131s\u0131,\u00a0paslanmaz \u00e7elik zincir\u00a0ve g\u00fcvenli bir kullan\u0131m sunan\u00a0paslanmaz \u00e7elik klips\u00a0ile tamamlan\u0131yor.\u00a045 cm\u00a0uzunlu\u011fundaki ana zincire eklenen\u00a05 cm&#8217;lik paslanmaz \u00e7elik uzatma zinciri\u00a0sayesinde, kolyenizin uzunlu\u011funu k\u0131yafetinize ve tercihlerinize g\u00f6re kolayl\u0131kla ayarlayabilirsiniz.<\/p>\n<p>Bu \u00f6zel tasar\u0131m kolye ile:<\/p>\n<p>Do\u011fal incinin e\u015fsiz ve zarif g\u00fczelli\u011fini teninizde ta\u015f\u0131y\u0131n.<\/p>\n<p>\u0130nci taneleri aras\u0131ndaki paslanmaz \u00e7elik boncuklar\u0131n modern ve \u0131\u015f\u0131lt\u0131l\u0131 detay\u0131n\u0131 deneyimleyin.<\/p>\n<p>45 cm ana uzunluk ve 5 cm paslanmaz \u00e7elik uzatma zinciri ile ki\u015fiye \u00f6zel kullan\u0131m imkan\u0131 bulun.<\/p>\n<p>Paslanmaz \u00e7eli\u011fin dayan\u0131kl\u0131l\u0131\u011f\u0131 ve modern \u015f\u0131kl\u0131\u011f\u0131na sahip olun.<\/p>\n<p>Paslanmaz \u00e7elik klips sayesinde kolay ve g\u00fcvenli bir kullan\u0131m sa\u011flay\u0131n.<\/p>\n<p>G\u00fcnl\u00fck stilinize minimalist ve zarif bir dokunu\u015f kat\u0131n.<\/p>\n<p>Sevdiklerinize modern ve anlaml\u0131 bir hediye sunun.<\/p>\n<p>\u00dcr\u00fcn Detaylar\u0131:<\/p>\n<p>\u0130nci T\u00fcr\u00fc:\u00a0Do\u011fal \u0130nci<\/p>\n<p>\u0130nci Boyutu: 3-4 mm Zincir ve Ara Boncuk<\/p>\n<p>Malzemesi: Paslanmaz \u00c7elik Kolye Uzunlu\u011fu: 45 cm + 5 cm (paslanmaz \u00e7elik uzatma zinciri)<\/p>\n<p>Kapama Mekanizmas\u0131: Paslanmaz \u00c7elik Klips<\/p>\n<p>Stil: Minimalist, Zarif, Modern. Bu do\u011fal inci ve paslanmaz \u00e7elik detayl\u0131 kolye, sadeli\u011fin ve modernli\u011fin m\u00fckemmel uyumunu yans\u0131t\u0131yor. \u015eimdi sipari\u015f verin ve bu e\u015fsiz zarafeti ke\u015ffedin!<\/p>\n<p>KUTUSUZ olarak g\u00f6nderilir.<\/p>\n","protected":false},"excerpt":{"rendered":"<p>Minimalist I\u015f\u0131lt\u0131: Do\u011fal \u0130nci ve Paslanmaz \u00c7elik Detayl\u0131 Kolye Sade ve modern bir zarafet arayanlar i\u00e7in \u00f6zel olarak tasarland\u0131. Bu e\u015fsiz kolye, her biri\u00a03-4 mm\u00a0boyutundaki do\u011fal incilerin b\u00fcy\u00fcleyici \u0131\u015f\u0131lt\u0131s\u0131n\u0131,\u00a0paslanmaz \u00e7elik boncuklar\u0131n\u00a0modern dokunu\u015fuyla bir araya getiriyor. \u0130nci taneleri aras\u0131ndaki zarif paslanmaz \u00e7elik boncuklar, kolyeye sofistike bir ritim ve parlakl\u0131k katarken, incilerin do\u011fal g\u00fczelli\u011fini \u00f6n plana \u00e7\u0131kar\u0131r.\u00a0Kolyenin [&hellip;]<\/p>\n","protected":false},"featured_media":2747,"comment_status":"open","ping_status":"closed","template":"","meta":{"advanced_seo_description":"","jetpack_seo_html_title":"","jetpack_seo_noindex":false,"jetpack_publicize_message":"","jetpack_publicize_feature_enabled":true,"jetpack_social_post_already_shared":false,"jetpack_social_options":{"image_generator_settings":{"template":"highway","default_image_id":0,"font":"","enabled":false},"version":2}},"product_brand":[146],"product_cat":[27,21],"product_tag":[],"class_list":{"0":"post-2566","1":"product","2":"type-product","3":"status-publish","4":"has-post-thumbnail","6":"product_brand-aytens-taki","7":"product_cat-inci-kolye","8":"product_cat-kolye","10":"first","11":"instock","12":"taxable","13":"shipping-taxable","14":"purchasable","15":"product-type-simple"},"jetpack_publicize_connections":[],"jetpack_sharing_enabled":true,"_links":{"self":[{"href":"https:\/\/aytens.com\/magaza\/wp-json\/wp\/v2\/product\/2566","targetHints":{"allow":["GET"]}}],"collection":[{"href":"https:\/\/aytens.com\/magaza\/wp-json\/wp\/v2\/product"}],"about":[{"href":"https:\/\/aytens.com\/magaza\/wp-json\/wp\/v2\/types\/product"}],"replies":[{"embeddable":true,"href":"https:\/\/aytens.com\/magaza\/wp-json\/wp\/v2\/comments?post=2566"}],"wp:featuredmedia":[{"embeddable":true,"href":"https:\/\/aytens.com\/magaza\/wp-json\/wp\/v2\/media\/2747"}],"wp:attachment":[{"href":"https:\/\/aytens.com\/magaza\/wp-json\/wp\/v2\/media?parent=2566"}],"wp:term":[{"taxonomy":"product_brand","embeddable":true,"href":"https:\/\/aytens.com\/magaza\/wp-json\/wp\/v2\/product_brand?post=2566"},{"taxonomy":"product_cat","embeddable":true,"href":"https:\/\/aytens.com\/magaza\/wp-json\/wp\/v2\/product_cat?post=2566"},{"taxonomy":"product_tag","embeddable":true,"href":"https:\/\/aytens.com\/magaza\/wp-json\/wp\/v2\/product_tag?post=2566"}],"curies":[{"name":"wp","href":"https:\/\/api.w.org\/{rel}","templated":true}]}}