{"id":2576,"date":"2026-01-14T22:56:34","date_gmt":"2026-01-14T19:56:34","guid":{"rendered":"https:\/\/aytens.com\/magaza\/?post_type=product&#038;p=2576"},"modified":"2026-01-14T22:56:34","modified_gmt":"2026-01-14T19:56:34","slug":"dogal-inci-kolye-el-yapimi-hematit-detayli-paslanmaz-celik-malzemeler","status":"publish","type":"product","link":"https:\/\/aytens.com\/magaza\/urun\/dogal-inci-kolye-el-yapimi-hematit-detayli-paslanmaz-celik-malzemeler\/","title":{"rendered":"Do\u011fal inci kolye, el yap\u0131m\u0131, hematit detayl\u0131, paslanmaz \u00e7elik malzemeler"},"content":{"rendered":"<p>Zarafeti ve \u015f\u0131kl\u0131\u011f\u0131 bir araya getiren bu \u00f6zel kolye, 7-8 mm \u00e7ap\u0131nda do\u011fal tatl\u0131su incileri ve hematit ta\u015f detaylar\u0131 ile \u00f6zenle tasarland\u0131. T\u00fcm metal aparatlar paslanmaz \u00e7elik olup, uzun y\u0131llar kararmadan kullan\u0131labilir.Kolye Uzunlu\u011fu: 40 cm + 5 cm paslanmaz \u00e7elik zincir uzatmaTa\u015flar: Do\u011fal tatl\u0131su incisi (7-8 mm) &amp; hematitMetal Aksam: Paslanmaz \u00e7elik (antialerjik, kararma yapmaz)Tasar\u0131m:\u00d6zel El \u0130\u015f\u00e7ili\u011fiG\u00fcnl\u00fck kullan\u0131mda sadeli\u011fiyle \u015f\u0131kl\u0131\u011f\u0131n\u0131z\u0131 tamamlarken, \u00f6zel davetlerde zarif bir dokunu\u015f sunar. Sevdiklerinize hediye edebilece\u011finiz gibi, kendi stilinizi \u00f6ne \u00e7\u0131karmak i\u00e7in de e\u015fsiz bir par\u00e7ad\u0131r.<\/p>\n","protected":false},"excerpt":{"rendered":"<p>Zarafeti ve \u015f\u0131kl\u0131\u011f\u0131 bir araya getiren bu \u00f6zel kolye, 7-8 mm \u00e7ap\u0131nda do\u011fal tatl\u0131su incileri ve hematit ta\u015f detaylar\u0131 ile \u00f6zenle tasarland\u0131. T\u00fcm metal aparatlar paslanmaz \u00e7elik olup, uzun y\u0131llar kararmadan kullan\u0131labilir.Kolye Uzunlu\u011fu: 40 cm + 5 cm paslanmaz \u00e7elik zincir uzatmaTa\u015flar: Do\u011fal tatl\u0131su incisi (7-8 mm) &amp; hematitMetal Aksam: Paslanmaz \u00e7elik (antialerjik, kararma yapmaz)Tasar\u0131m:\u00d6zel [&hellip;]<\/p>\n","protected":false},"featured_media":2633,"comment_status":"open","ping_status":"closed","template":"","meta":{"advanced_seo_description":"","jetpack_seo_html_title":"","jetpack_seo_noindex":false,"jetpack_publicize_message":"","jetpack_publicize_feature_enabled":true,"jetpack_social_post_already_shared":false,"jetpack_social_options":{"image_generator_settings":{"template":"highway","default_image_id":0,"font":"","enabled":false},"version":2}},"product_brand":[146],"product_cat":[27,21],"product_tag":[],"class_list":{"0":"post-2576","1":"product","2":"type-product","3":"status-publish","4":"has-post-thumbnail","6":"product_brand-aytens-taki","7":"product_cat-inci-kolye","8":"product_cat-kolye","10":"first","11":"instock","12":"taxable","13":"shipping-taxable","14":"purchasable","15":"product-type-simple"},"jetpack_publicize_connections":[],"jetpack_sharing_enabled":true,"_links":{"self":[{"href":"https:\/\/aytens.com\/magaza\/wp-json\/wp\/v2\/product\/2576","targetHints":{"allow":["GET"]}}],"collection":[{"href":"https:\/\/aytens.com\/magaza\/wp-json\/wp\/v2\/product"}],"about":[{"href":"https:\/\/aytens.com\/magaza\/wp-json\/wp\/v2\/types\/product"}],"replies":[{"embeddable":true,"href":"https:\/\/aytens.com\/magaza\/wp-json\/wp\/v2\/comments?post=2576"}],"wp:featuredmedia":[{"embeddable":true,"href":"https:\/\/aytens.com\/magaza\/wp-json\/wp\/v2\/media\/2633"}],"wp:attachment":[{"href":"https:\/\/aytens.com\/magaza\/wp-json\/wp\/v2\/media?parent=2576"}],"wp:term":[{"taxonomy":"product_brand","embeddable":true,"href":"https:\/\/aytens.com\/magaza\/wp-json\/wp\/v2\/product_brand?post=2576"},{"taxonomy":"product_cat","embeddable":true,"href":"https:\/\/aytens.com\/magaza\/wp-json\/wp\/v2\/product_cat?post=2576"},{"taxonomy":"product_tag","embeddable":true,"href":"https:\/\/aytens.com\/magaza\/wp-json\/wp\/v2\/product_tag?post=2576"}],"curies":[{"name":"wp","href":"https:\/\/api.w.org\/{rel}","templated":true}]}}