{"id":2580,"date":"2026-01-14T20:29:07","date_gmt":"2026-01-14T17:29:07","guid":{"rendered":"https:\/\/aytens.com\/magaza\/?post_type=product&#038;p=2580"},"modified":"2026-01-15T12:24:03","modified_gmt":"2026-01-15T09:24:03","slug":"paslanmaz-celik-sahmeran-altin-renk-dorika-detayli","status":"publish","type":"product","link":"https:\/\/aytens.com\/magaza\/urun\/paslanmaz-celik-sahmeran-altin-renk-dorika-detayli\/","title":{"rendered":"Paslanmaz \u00e7elik \u015eahmeran, alt\u0131n renk, Dorika Detayl\u0131"},"content":{"rendered":"<p>Her el ve bilek i\u00e7in uyumludur. Bileklik i\u00e7in 5 cm \u00e7elik zincir uzatmas\u0131 vard\u0131r.<\/p>\n<p>Dayan\u0131kl\u0131 paslanmaz \u00e7elik malzemesi ile uzun \u00f6m\u00fcrl\u00fc kullan\u0131m sunar.<\/p>\n<p>Yeti\u015fkin ve gen\u00e7 k\u0131zlar i\u00e7in uygun tasar\u0131m\u0131yla geni\u015f bir kullan\u0131c\u0131 yelpazesine hitap eder.<\/p>\n<p>Kad\u0131nlar i\u00e7in ideal bir aksesuar se\u00e7ene\u011fi olarak tasarlanm\u0131\u015ft\u0131r.<\/p>\n<p>\u00c7elik zincirin \u015f\u0131kl\u0131\u011f\u0131 ve do\u011fall\u0131\u011f\u0131 bir arada sunar.<\/p>\n","protected":false},"excerpt":{"rendered":"<p>Her el ve bilek i\u00e7in uyumludur. Bileklik i\u00e7in 5 cm \u00e7elik zincir uzatmas\u0131 vard\u0131r. Dayan\u0131kl\u0131 paslanmaz \u00e7elik malzemesi ile uzun \u00f6m\u00fcrl\u00fc kullan\u0131m sunar. Yeti\u015fkin ve gen\u00e7 k\u0131zlar i\u00e7in uygun tasar\u0131m\u0131yla geni\u015f bir kullan\u0131c\u0131 yelpazesine hitap eder. Kad\u0131nlar i\u00e7in ideal bir aksesuar se\u00e7ene\u011fi olarak tasarlanm\u0131\u015ft\u0131r. \u00c7elik zincirin \u015f\u0131kl\u0131\u011f\u0131 ve do\u011fall\u0131\u011f\u0131 bir arada sunar.<\/p>\n","protected":false},"featured_media":2772,"comment_status":"open","ping_status":"closed","template":"","meta":{"advanced_seo_description":"","jetpack_seo_html_title":"","jetpack_seo_noindex":false,"jetpack_publicize_message":"","jetpack_publicize_feature_enabled":true,"jetpack_social_post_already_shared":false,"jetpack_social_options":{"image_generator_settings":{"template":"highway","default_image_id":0,"font":"","enabled":false},"version":2}},"product_brand":[146],"product_cat":[26],"product_tag":[],"class_list":{"0":"post-2580","1":"product","2":"type-product","3":"status-publish","4":"has-post-thumbnail","6":"product_brand-aytens-taki","7":"product_cat-sahmeran","9":"first","10":"instock","11":"taxable","12":"shipping-taxable","13":"purchasable","14":"product-type-simple"},"jetpack_publicize_connections":[],"jetpack_sharing_enabled":true,"_links":{"self":[{"href":"https:\/\/aytens.com\/magaza\/wp-json\/wp\/v2\/product\/2580","targetHints":{"allow":["GET"]}}],"collection":[{"href":"https:\/\/aytens.com\/magaza\/wp-json\/wp\/v2\/product"}],"about":[{"href":"https:\/\/aytens.com\/magaza\/wp-json\/wp\/v2\/types\/product"}],"replies":[{"embeddable":true,"href":"https:\/\/aytens.com\/magaza\/wp-json\/wp\/v2\/comments?post=2580"}],"wp:featuredmedia":[{"embeddable":true,"href":"https:\/\/aytens.com\/magaza\/wp-json\/wp\/v2\/media\/2772"}],"wp:attachment":[{"href":"https:\/\/aytens.com\/magaza\/wp-json\/wp\/v2\/media?parent=2580"}],"wp:term":[{"taxonomy":"product_brand","embeddable":true,"href":"https:\/\/aytens.com\/magaza\/wp-json\/wp\/v2\/product_brand?post=2580"},{"taxonomy":"product_cat","embeddable":true,"href":"https:\/\/aytens.com\/magaza\/wp-json\/wp\/v2\/product_cat?post=2580"},{"taxonomy":"product_tag","embeddable":true,"href":"https:\/\/aytens.com\/magaza\/wp-json\/wp\/v2\/product_tag?post=2580"}],"curies":[{"name":"wp","href":"https:\/\/api.w.org\/{rel}","templated":true}]}}