{"id":676,"date":"2024-12-23T15:47:57","date_gmt":"2024-12-23T12:47:57","guid":{"rendered":"https:\/\/aytens.com\/magaza\/?post_type=product&#038;p=676"},"modified":"2026-01-11T19:50:58","modified_gmt":"2026-01-11T16:50:58","slug":"dogal-inci-bileklik-2","status":"publish","type":"product","link":"https:\/\/aytens.com\/magaza\/urun\/dogal-inci-bileklik-2\/","title":{"rendered":"Do\u011fal Inci Bileklik (4 mm Inci)"},"content":{"rendered":"<ul class=\"detail-desc-list two-columns\">\n<li>Do\u011fal inci bilek<\/li>\n<li>\u0130nci boyutu 4 mm<\/li>\n<li>Elastik sa\u011flam misina<\/li>\n<li>\u0130NC\u0130<\/li>\n<li>\u0130nci kullan\u0131m\u0131, v\u00fccutta bulunan kalsiyum oran\u0131 zengin yap\u0131lar\u0131 (di\u015f ve kemikler gibi) g\u00fc\u00e7lendirir.<\/li>\n<li>\u015eans ta\u015f\u0131 olarak da bilinen incinin talihi a\u00e7t\u0131\u011f\u0131na inan\u0131l\u0131r.<\/li>\n<li>Negatif enerjiyi itme, pozitif enerjiyi \u00e7ekme \u00f6zelli\u011fi vard\u0131r.<\/li>\n<li>Olumsuz duygulardan ar\u0131nd\u0131r\u0131r ve \u00f6z g\u00fcveni art\u0131r\u0131r.<\/li>\n<li>Dikkat \u00e7ekici, ilgi duyulan ve g\u00fcven veren bir ta\u015ft\u0131r.<\/li>\n<li>Sezgi yetene\u011fini art\u0131r\u0131r.<\/li>\n<li>Ger\u00e7ek inci g\u00fc\u00e7 ve y\u00fccelik duygusu uyand\u0131r\u0131r.<\/li>\n<li>\u00d6z g\u00fcveni art\u0131r\u0131r, cesaret verir, albenisi olan ve dikkat \u00e7ekici yapan bir ta\u015ft\u0131r.<\/li>\n<\/ul>\n","protected":false},"excerpt":{"rendered":"<p>Do\u011fal inci bilek \u0130nci boyutu 4 mm Elastik sa\u011flam misina \u0130NC\u0130 \u0130nci kullan\u0131m\u0131, v\u00fccutta bulunan kalsiyum oran\u0131 zengin yap\u0131lar\u0131 (di\u015f ve kemikler gibi) g\u00fc\u00e7lendirir. \u015eans ta\u015f\u0131 olarak da bilinen incinin talihi a\u00e7t\u0131\u011f\u0131na inan\u0131l\u0131r. Negatif enerjiyi itme, pozitif enerjiyi \u00e7ekme \u00f6zelli\u011fi vard\u0131r. Olumsuz duygulardan ar\u0131nd\u0131r\u0131r ve \u00f6z g\u00fcveni art\u0131r\u0131r. Dikkat \u00e7ekici, ilgi duyulan ve g\u00fcven veren [&hellip;]<\/p>\n","protected":false},"featured_media":612,"comment_status":"open","ping_status":"closed","template":"","meta":{"advanced_seo_description":"","jetpack_seo_html_title":"","jetpack_seo_noindex":false,"jetpack_publicize_message":"","jetpack_publicize_feature_enabled":true,"jetpack_social_post_already_shared":false,"jetpack_social_options":{"image_generator_settings":{"template":"highway","default_image_id":0,"font":"","enabled":false},"version":2}},"product_brand":[],"product_cat":[22,31],"product_tag":[40,37,36,43,57,39],"class_list":{"0":"post-676","1":"product","2":"type-product","3":"status-publish","4":"has-post-thumbnail","6":"product_cat-bileklik","7":"product_cat-inci-bileklik","8":"product_tag-dogal-inci","9":"product_tag-gercek-inci","10":"product_tag-inci","11":"product_tag-inci-bileklik","12":"product_tag-kultur-incisi","13":"product_tag-tatli-su-incisi","14":"product_shipping_class-standart-kargo","16":"first","17":"instock","18":"purchasable","19":"product-type-variable"},"jetpack_publicize_connections":[],"jetpack_sharing_enabled":true,"_links":{"self":[{"href":"https:\/\/aytens.com\/magaza\/wp-json\/wp\/v2\/product\/676","targetHints":{"allow":["GET"]}}],"collection":[{"href":"https:\/\/aytens.com\/magaza\/wp-json\/wp\/v2\/product"}],"about":[{"href":"https:\/\/aytens.com\/magaza\/wp-json\/wp\/v2\/types\/product"}],"replies":[{"embeddable":true,"href":"https:\/\/aytens.com\/magaza\/wp-json\/wp\/v2\/comments?post=676"}],"wp:featuredmedia":[{"embeddable":true,"href":"https:\/\/aytens.com\/magaza\/wp-json\/wp\/v2\/media\/612"}],"wp:attachment":[{"href":"https:\/\/aytens.com\/magaza\/wp-json\/wp\/v2\/media?parent=676"}],"wp:term":[{"taxonomy":"product_brand","embeddable":true,"href":"https:\/\/aytens.com\/magaza\/wp-json\/wp\/v2\/product_brand?post=676"},{"taxonomy":"product_cat","embeddable":true,"href":"https:\/\/aytens.com\/magaza\/wp-json\/wp\/v2\/product_cat?post=676"},{"taxonomy":"product_tag","embeddable":true,"href":"https:\/\/aytens.com\/magaza\/wp-json\/wp\/v2\/product_tag?post=676"}],"curies":[{"name":"wp","href":"https:\/\/api.w.org\/{rel}","templated":true}]}}