{"id":686,"date":"2024-12-23T16:04:49","date_gmt":"2024-12-23T13:04:49","guid":{"rendered":"https:\/\/aytens.com\/magaza\/?post_type=product&#038;p=686"},"modified":"2026-01-24T15:51:48","modified_gmt":"2026-01-24T12:51:48","slug":"dogal-tas-cakra-bileklik","status":"publish","type":"product","link":"https:\/\/aytens.com\/magaza\/urun\/dogal-tas-cakra-bileklik\/","title":{"rendered":"Do\u011fal Ta\u015f \u00c7akra Bileklik"},"content":{"rendered":"<ul class=\"detail-desc-list two-columns\">\n<li>7 \u00c7akra Bileklik<\/li>\n<li>\u00c7akra Power<\/li>\n<li>V\u00fccudunuzdaki \u00e7akra b\u00f6lgelerine enerji sa\u011flar.<\/li>\n<li>\u00c7akralar\u0131n uyum ve dengeli olmas\u0131na yard\u0131mc\u0131 olur.<\/li>\n<li>V\u00fccudun dengesini sa\u011flamaya yard\u0131mc\u0131 olur..<\/li>\n<li>Kullan\u0131lan Do\u011fal Ta\u015flar: Ametist, Mavi Akik, Apatit, Aventurin, Sitrin, Kaplan G\u00f6z\u00fc, Opsidyen<\/li>\n<li>Esnek misina kullan\u0131lm\u0131\u015ft\u0131r.<\/li>\n<\/ul>\n","protected":false},"excerpt":{"rendered":"<p>7 \u00c7akra Bileklik \u00c7akra Power V\u00fccudunuzdaki \u00e7akra b\u00f6lgelerine enerji sa\u011flar. \u00c7akralar\u0131n uyum ve dengeli olmas\u0131na yard\u0131mc\u0131 olur. V\u00fccudun dengesini sa\u011flamaya yard\u0131mc\u0131 olur.. Kullan\u0131lan Do\u011fal Ta\u015flar: Ametist, Mavi Akik, Apatit, Aventurin, Sitrin, Kaplan G\u00f6z\u00fc, Opsidyen Esnek misina kullan\u0131lm\u0131\u015ft\u0131r.<\/p>\n","protected":false},"featured_media":578,"comment_status":"open","ping_status":"closed","template":"","meta":{"advanced_seo_description":"","jetpack_seo_html_title":"","jetpack_seo_noindex":false,"jetpack_publicize_message":"","jetpack_publicize_feature_enabled":true,"jetpack_social_post_already_shared":false,"jetpack_social_options":{"image_generator_settings":{"template":"highway","default_image_id":0,"font":"","enabled":false},"version":2}},"product_brand":[146],"product_cat":[22,32],"product_tag":[81,83,44,82,66],"class_list":{"0":"post-686","1":"product","2":"type-product","3":"status-publish","4":"has-post-thumbnail","6":"product_brand-aytens-taki","7":"product_cat-bileklik","8":"product_cat-dogal-tas-bileklik","9":"product_tag-aquamarin","10":"product_tag-dgal-taslar","11":"product_tag-dogal-tas","12":"product_tag-dogal-tas-aquamarin","13":"product_tag-dogaltas","14":"product_shipping_class-standart-kargo","16":"first","17":"instock","18":"purchasable","19":"product-type-variable"},"jetpack_publicize_connections":[],"jetpack_sharing_enabled":true,"_links":{"self":[{"href":"https:\/\/aytens.com\/magaza\/wp-json\/wp\/v2\/product\/686","targetHints":{"allow":["GET"]}}],"collection":[{"href":"https:\/\/aytens.com\/magaza\/wp-json\/wp\/v2\/product"}],"about":[{"href":"https:\/\/aytens.com\/magaza\/wp-json\/wp\/v2\/types\/product"}],"replies":[{"embeddable":true,"href":"https:\/\/aytens.com\/magaza\/wp-json\/wp\/v2\/comments?post=686"}],"wp:featuredmedia":[{"embeddable":true,"href":"https:\/\/aytens.com\/magaza\/wp-json\/wp\/v2\/media\/578"}],"wp:attachment":[{"href":"https:\/\/aytens.com\/magaza\/wp-json\/wp\/v2\/media?parent=686"}],"wp:term":[{"taxonomy":"product_brand","embeddable":true,"href":"https:\/\/aytens.com\/magaza\/wp-json\/wp\/v2\/product_brand?post=686"},{"taxonomy":"product_cat","embeddable":true,"href":"https:\/\/aytens.com\/magaza\/wp-json\/wp\/v2\/product_cat?post=686"},{"taxonomy":"product_tag","embeddable":true,"href":"https:\/\/aytens.com\/magaza\/wp-json\/wp\/v2\/product_tag?post=686"}],"curies":[{"name":"wp","href":"https:\/\/api.w.org\/{rel}","templated":true}]}}