{"id":724,"date":"2024-12-23T17:08:03","date_gmt":"2024-12-23T14:08:03","guid":{"rendered":"https:\/\/aytens.com\/magaza\/?post_type=product&#038;p=724"},"modified":"2026-03-10T00:25:42","modified_gmt":"2026-03-09T21:25:42","slug":"erkek-kadin-unisex-gumus-renk-yassi-tirtil-birbirine-gecmeli-model-kunye-bileklik","status":"publish","type":"product","link":"https:\/\/aytens.com\/magaza\/urun\/erkek-kadin-unisex-gumus-renk-yassi-tirtil-birbirine-gecmeli-model-kunye-bileklik\/","title":{"rendered":"Erkek Kad\u0131n Unisex G\u00fcm\u00fc\u015f Renk Yass\u0131 T\u0131rt\u0131l Birbirine Ge\u00e7meli Model K\u00fcnye Bileklik"},"content":{"rendered":"<p>&#8211; Unisex tasar\u0131m\u0131 ile hem erkek hem de kad\u0131n kullan\u0131c\u0131lar i\u00e7in uygun, herkesin tarz\u0131na kolayca uyum sa\u011flayan bir aksesuar.; &#8211; G\u00fcm\u00fc\u015f kaplama materyali sayesinde \u015f\u0131k ve modern bir g\u00f6r\u00fcn\u00fcm sunar, g\u00fcnl\u00fck kullan\u0131m i\u00e7in idealdir.; &#8211; Yass\u0131 t\u0131rt\u0131l modeli ile dikkat \u00e7ekici ve benzersiz bir stil olu\u015fturur, bile\u011finizde zarif bir detay olarak \u00f6ne \u00e7\u0131kar.; &#8211; Ta\u015f kullan\u0131m\u0131 olmayan yap\u0131s\u0131yla hafif ve rahat bir kullan\u0131m sa\u011flar, cildinizle uyumlu bir dokunu\u015f sunar.; &#8211; Yeti\u015fkinler i\u00e7in uygun olarak tasarlanm\u0131\u015ft\u0131r; her ya\u015ftan bireyin bile\u011finde \u015f\u0131kl\u0131\u011f\u0131 yakalamas\u0131na olanak tan\u0131r.; &#8211; G\u00fcm\u00fc\u015f Kaplama T\u0131rt\u0131l Model Bileklik, &#8211; Parf\u00fcm, sabun, alkol ve benzeri kimyasal maddelerden uzak tutuldu\u011fu s\u00fcrece aksesuar\u0131n kullan\u0131m s\u00fcresi uzar.; &#8211; \u00dcr\u00fcn \u00fczerinde alerjiye, oksitlenmeye ve kararmaya kar\u015f\u0131 \u00f6zel korumal\u0131 kaplama uygulanm\u0131\u015ft\u0131r.;<\/p>\n","protected":false},"excerpt":{"rendered":"<p>&#8211; Unisex tasar\u0131m\u0131 ile hem erkek hem de kad\u0131n kullan\u0131c\u0131lar i\u00e7in uygun, herkesin tarz\u0131na kolayca uyum sa\u011flayan bir aksesuar.; &#8211; G\u00fcm\u00fc\u015f kaplama materyali sayesinde \u015f\u0131k ve modern bir g\u00f6r\u00fcn\u00fcm sunar, g\u00fcnl\u00fck kullan\u0131m i\u00e7in idealdir.; &#8211; Yass\u0131 t\u0131rt\u0131l modeli ile dikkat \u00e7ekici ve benzersiz bir stil olu\u015fturur, bile\u011finizde zarif bir detay olarak \u00f6ne \u00e7\u0131kar.; &#8211; Ta\u015f [&hellip;]<\/p>\n","protected":false},"featured_media":633,"comment_status":"open","ping_status":"closed","template":"","meta":{"advanced_seo_description":"","jetpack_seo_html_title":"","jetpack_seo_noindex":false,"jetpack_publicize_message":"","jetpack_publicize_feature_enabled":true,"jetpack_social_post_already_shared":false,"jetpack_social_options":{"image_generator_settings":{"template":"highway","default_image_id":0,"font":"","enabled":false},"version":2}},"product_brand":[],"product_cat":[22],"product_tag":[96,97,99,98],"class_list":{"0":"post-724","1":"product","2":"type-product","3":"status-publish","4":"has-post-thumbnail","6":"product_cat-bileklik","7":"product_tag-bijuteri","8":"product_tag-bileklik","9":"product_tag-moda","10":"product_tag-tarz","11":"product_shipping_class-standart-kargo","13":"first","14":"instock","15":"purchasable","16":"product-type-simple"},"jetpack_publicize_connections":[],"jetpack_sharing_enabled":true,"_links":{"self":[{"href":"https:\/\/aytens.com\/magaza\/wp-json\/wp\/v2\/product\/724","targetHints":{"allow":["GET"]}}],"collection":[{"href":"https:\/\/aytens.com\/magaza\/wp-json\/wp\/v2\/product"}],"about":[{"href":"https:\/\/aytens.com\/magaza\/wp-json\/wp\/v2\/types\/product"}],"replies":[{"embeddable":true,"href":"https:\/\/aytens.com\/magaza\/wp-json\/wp\/v2\/comments?post=724"}],"wp:featuredmedia":[{"embeddable":true,"href":"https:\/\/aytens.com\/magaza\/wp-json\/wp\/v2\/media\/633"}],"wp:attachment":[{"href":"https:\/\/aytens.com\/magaza\/wp-json\/wp\/v2\/media?parent=724"}],"wp:term":[{"taxonomy":"product_brand","embeddable":true,"href":"https:\/\/aytens.com\/magaza\/wp-json\/wp\/v2\/product_brand?post=724"},{"taxonomy":"product_cat","embeddable":true,"href":"https:\/\/aytens.com\/magaza\/wp-json\/wp\/v2\/product_cat?post=724"},{"taxonomy":"product_tag","embeddable":true,"href":"https:\/\/aytens.com\/magaza\/wp-json\/wp\/v2\/product_tag?post=724"}],"curies":[{"name":"wp","href":"https:\/\/api.w.org\/{rel}","templated":true}]}}