{"id":734,"date":"2024-12-23T17:19:19","date_gmt":"2024-12-23T14:19:19","guid":{"rendered":"https:\/\/aytens.com\/magaza\/?post_type=product&#038;p=734"},"modified":"2025-11-22T21:49:18","modified_gmt":"2025-11-22T18:49:18","slug":"kelebek-charmli-cam-kedi-gozu-boncuklu-bileklik","status":"publish","type":"product","link":"https:\/\/aytens.com\/magaza\/urun\/kelebek-charmli-cam-kedi-gozu-boncuklu-bileklik\/","title":{"rendered":"Kelebek Charml\u0131 Cam Kedi G\u00f6z\u00fc Boncuklu Bileklik"},"content":{"rendered":"<ul class=\"detail-desc-list two-columns\">\n<li>Elastik misina kullan\u0131lm\u0131\u015ft\u0131r.<\/li>\n<li>Her bile\u011fe uyumludur.<\/li>\n<li>Gen\u00e7 ve kad\u0131n\/k\u0131z kullan\u0131c\u0131lar i\u00e7in ideal, \u015f\u0131k ve e\u011flenceli bir aksesuar.<\/li>\n<li>G\u00f6z al\u0131c\u0131 cam boncuklar ve zarif kelebek detaylar\u0131yla s\u00fcslenmi\u015f, dikkat \u00e7ekici bir tasar\u0131m.<\/li>\n<li>Y\u00fcksek kaliteli cam materyal kullan\u0131larak \u00fcretilmi\u015f, dayan\u0131kl\u0131l\u0131\u011f\u0131 ve esteti\u011fi bir arada sunar.<\/li>\n<li>Her t\u00fcrl\u00fc k\u0131yafetle kolayca uyum sa\u011flar ve \u015f\u0131kl\u0131\u011f\u0131n\u0131z\u0131 tamamla<\/li>\n<\/ul>\n","protected":false},"excerpt":{"rendered":"<p>Elastik misina kullan\u0131lm\u0131\u015ft\u0131r. Her bile\u011fe uyumludur. Gen\u00e7 ve kad\u0131n\/k\u0131z kullan\u0131c\u0131lar i\u00e7in ideal, \u015f\u0131k ve e\u011flenceli bir aksesuar. G\u00f6z al\u0131c\u0131 cam boncuklar ve zarif kelebek detaylar\u0131yla s\u00fcslenmi\u015f, dikkat \u00e7ekici bir tasar\u0131m. Y\u00fcksek kaliteli cam materyal kullan\u0131larak \u00fcretilmi\u015f, dayan\u0131kl\u0131l\u0131\u011f\u0131 ve esteti\u011fi bir arada sunar. Her t\u00fcrl\u00fc k\u0131yafetle kolayca uyum sa\u011flar ve \u015f\u0131kl\u0131\u011f\u0131n\u0131z\u0131 tamamla<\/p>\n","protected":false},"featured_media":595,"comment_status":"open","ping_status":"closed","template":"","meta":{"advanced_seo_description":"","jetpack_seo_html_title":"","jetpack_seo_noindex":false,"jetpack_publicize_message":"","jetpack_publicize_feature_enabled":true,"jetpack_social_post_already_shared":false,"jetpack_social_options":{"image_generator_settings":{"template":"highway","default_image_id":0,"font":"","enabled":false},"version":2}},"product_brand":[],"product_cat":[22],"product_tag":[96,97,99,98],"class_list":{"0":"post-734","1":"product","2":"type-product","3":"status-publish","4":"has-post-thumbnail","6":"product_cat-bileklik","7":"product_tag-bijuteri","8":"product_tag-bileklik","9":"product_tag-moda","10":"product_tag-tarz","11":"product_shipping_class-standart-kargo","13":"first","14":"outofstock","15":"purchasable","16":"product-type-simple"},"jetpack_publicize_connections":[],"jetpack_sharing_enabled":true,"_links":{"self":[{"href":"https:\/\/aytens.com\/magaza\/wp-json\/wp\/v2\/product\/734","targetHints":{"allow":["GET"]}}],"collection":[{"href":"https:\/\/aytens.com\/magaza\/wp-json\/wp\/v2\/product"}],"about":[{"href":"https:\/\/aytens.com\/magaza\/wp-json\/wp\/v2\/types\/product"}],"replies":[{"embeddable":true,"href":"https:\/\/aytens.com\/magaza\/wp-json\/wp\/v2\/comments?post=734"}],"wp:featuredmedia":[{"embeddable":true,"href":"https:\/\/aytens.com\/magaza\/wp-json\/wp\/v2\/media\/595"}],"wp:attachment":[{"href":"https:\/\/aytens.com\/magaza\/wp-json\/wp\/v2\/media?parent=734"}],"wp:term":[{"taxonomy":"product_brand","embeddable":true,"href":"https:\/\/aytens.com\/magaza\/wp-json\/wp\/v2\/product_brand?post=734"},{"taxonomy":"product_cat","embeddable":true,"href":"https:\/\/aytens.com\/magaza\/wp-json\/wp\/v2\/product_cat?post=734"},{"taxonomy":"product_tag","embeddable":true,"href":"https:\/\/aytens.com\/magaza\/wp-json\/wp\/v2\/product_tag?post=734"}],"curies":[{"name":"wp","href":"https:\/\/api.w.org\/{rel}","templated":true}]}}