{"id":741,"date":"2024-12-23T17:32:35","date_gmt":"2024-12-23T14:32:35","guid":{"rendered":"https:\/\/aytens.com\/magaza\/?post_type=product&#038;p=741"},"modified":"2024-12-25T22:05:28","modified_gmt":"2024-12-25T19:05:28","slug":"dogal-inci-bileklik-5","status":"publish","type":"product","link":"https:\/\/aytens.com\/magaza\/urun\/dogal-inci-bileklik-5\/","title":{"rendered":"Do\u011fal \u0130nci Bileklik"},"content":{"rendered":"<ul class=\"detail-desc-list two-columns\">\n<li>Do\u011fal inci bileklik, Tatl\u0131 su incisidir.<\/li>\n<li>Kaliteli misina kullan\u0131lm\u0131\u015ft\u0131r.<\/li>\n<li>Bileklik boyu 17 cm + 4 cm \u00e7elik uzatma zinciri.<\/li>\n<li>\u0130nci taneleri ortalama 2-3 mm boyutundad\u0131r.<\/li>\n<li>\u0130NC\u0130 KULLANIMI<\/li>\n<li>V\u00fccutta bulunan kalsiyum oran\u0131 zengin yap\u0131lar\u0131 (di\u015f ve kemikler gibi) g\u00fc\u00e7lendirir.<\/li>\n<li>\u015eans ta\u015f\u0131 olarak da bilinen incinin talihi a\u00e7t\u0131\u011f\u0131na inan\u0131l\u0131r.<\/li>\n<li>Negatif enerjiyi itme, pozitif enerjiyi \u00e7ekme \u00f6zelli\u011fi vard\u0131r.<\/li>\n<li>Olumsuz duygulardan ar\u0131nd\u0131r\u0131r ve \u00f6z g\u00fcveni art\u0131r\u0131r.<\/li>\n<li>Dikkat \u00e7ekici, ilgi duyulan ve g\u00fcven veren bir ta\u015ft\u0131r.<\/li>\n<li>Sezgi yetene\u011fini art\u0131r\u0131r.<\/li>\n<li>\u00d6z g\u00fcveni art\u0131r\u0131r, cesaret verir, albenisi olan ve dikkat \u00e7ekici yapan bir ta\u015ft\u0131r.<\/li>\n<li>Do\u011fal tatl\u0131 su incisi kullan\u0131larak \u00fcretilmi\u015f, zarif ve \u015f\u0131k bir aksesuar.<\/li>\n<li>\u0130nci bileklik, her t\u00fcrl\u00fc k\u0131yafetle uyum sa\u011flayacak klasik ve zamans\u0131z bir tasar\u0131ma sahiptir.<\/li>\n<li>\u0130nci ta\u015f\u0131, benzersiz g\u00fczelli\u011fi ve parlakl\u0131\u011f\u0131 ile g\u00f6z al\u0131c\u0131 bir g\u00f6r\u00fcn\u00fcm sunar.<\/li>\n<li>El i\u015f\u00e7ili\u011fi ile i\u015flenmi\u015f detaylar, her bir bilekli\u011fi e\u015fsiz k\u0131lar ve ki\u015fisel bir dokunu\u015f katar.<\/li>\n<\/ul>\n","protected":false},"excerpt":{"rendered":"<p>Do\u011fal inci bileklik, Tatl\u0131 su incisidir. Kaliteli misina kullan\u0131lm\u0131\u015ft\u0131r. Bileklik boyu 17 cm + 4 cm \u00e7elik uzatma zinciri. \u0130nci taneleri ortalama 2-3 mm boyutundad\u0131r. \u0130NC\u0130 KULLANIMI V\u00fccutta bulunan kalsiyum oran\u0131 zengin yap\u0131lar\u0131 (di\u015f ve kemikler gibi) g\u00fc\u00e7lendirir. \u015eans ta\u015f\u0131 olarak da bilinen incinin talihi a\u00e7t\u0131\u011f\u0131na inan\u0131l\u0131r. Negatif enerjiyi itme, pozitif enerjiyi \u00e7ekme \u00f6zelli\u011fi vard\u0131r. [&hellip;]<\/p>\n","protected":false},"featured_media":625,"comment_status":"open","ping_status":"closed","template":"","meta":{"advanced_seo_description":"","jetpack_seo_html_title":"","jetpack_seo_noindex":false,"jetpack_publicize_message":"","jetpack_publicize_feature_enabled":true,"jetpack_social_post_already_shared":false,"jetpack_social_options":{"image_generator_settings":{"template":"highway","default_image_id":0,"font":"","enabled":false},"version":2}},"product_brand":[],"product_cat":[22,31],"product_tag":[40,37,36,43,57,39],"class_list":{"0":"post-741","1":"product","2":"type-product","3":"status-publish","4":"has-post-thumbnail","6":"product_cat-bileklik","7":"product_cat-inci-bileklik","8":"product_tag-dogal-inci","9":"product_tag-gercek-inci","10":"product_tag-inci","11":"product_tag-inci-bileklik","12":"product_tag-kultur-incisi","13":"product_tag-tatli-su-incisi","14":"product_shipping_class-standart-kargo","16":"first","17":"instock","18":"purchasable","19":"product-type-simple"},"jetpack_publicize_connections":[],"jetpack_sharing_enabled":true,"_links":{"self":[{"href":"https:\/\/aytens.com\/magaza\/wp-json\/wp\/v2\/product\/741","targetHints":{"allow":["GET"]}}],"collection":[{"href":"https:\/\/aytens.com\/magaza\/wp-json\/wp\/v2\/product"}],"about":[{"href":"https:\/\/aytens.com\/magaza\/wp-json\/wp\/v2\/types\/product"}],"replies":[{"embeddable":true,"href":"https:\/\/aytens.com\/magaza\/wp-json\/wp\/v2\/comments?post=741"}],"wp:featuredmedia":[{"embeddable":true,"href":"https:\/\/aytens.com\/magaza\/wp-json\/wp\/v2\/media\/625"}],"wp:attachment":[{"href":"https:\/\/aytens.com\/magaza\/wp-json\/wp\/v2\/media?parent=741"}],"wp:term":[{"taxonomy":"product_brand","embeddable":true,"href":"https:\/\/aytens.com\/magaza\/wp-json\/wp\/v2\/product_brand?post=741"},{"taxonomy":"product_cat","embeddable":true,"href":"https:\/\/aytens.com\/magaza\/wp-json\/wp\/v2\/product_cat?post=741"},{"taxonomy":"product_tag","embeddable":true,"href":"https:\/\/aytens.com\/magaza\/wp-json\/wp\/v2\/product_tag?post=741"}],"curies":[{"name":"wp","href":"https:\/\/api.w.org\/{rel}","templated":true}]}}