{"id":892,"date":"2024-12-23T21:18:55","date_gmt":"2024-12-23T18:18:55","guid":{"rendered":"https:\/\/aytens.com\/magaza\/?post_type=product&#038;p=892"},"modified":"2026-02-14T20:21:44","modified_gmt":"2026-02-14T17:21:44","slug":"dogal-inci-kupe","status":"publish","type":"product","link":"https:\/\/aytens.com\/magaza\/urun\/dogal-inci-kupe\/","title":{"rendered":"Do\u011fal \u0130nci K\u00fcpe"},"content":{"rendered":"<p>Do\u011fal inci k\u00fcpeDo\u011fal tatl\u0131su incisidir.<\/p>\n<p>Do\u011fall\u0131\u011f\u0131ndan dolay\u0131 inci tanelerinin \u015fekilleri farkl\u0131 olabilir.<\/p>\n<p>\u0130nci taneleri ortalama 7-8 mm&#8217; dir.<\/p>\n","protected":false},"excerpt":{"rendered":"<p>Do\u011fal inci k\u00fcpeDo\u011fal tatl\u0131su incisidir. Do\u011fall\u0131\u011f\u0131ndan dolay\u0131 inci tanelerinin \u015fekilleri farkl\u0131 olabilir. \u0130nci taneleri ortalama 7-8 mm&#8217; dir.<\/p>\n","protected":false},"featured_media":3141,"comment_status":"open","ping_status":"closed","template":"","meta":{"advanced_seo_description":"","jetpack_seo_html_title":"","jetpack_seo_noindex":false,"jetpack_publicize_message":"","jetpack_publicize_feature_enabled":true,"jetpack_social_post_already_shared":false,"jetpack_social_options":{"image_generator_settings":{"template":"highway","default_image_id":0,"font":"","enabled":false},"version":2}},"product_brand":[146],"product_cat":[33,24],"product_tag":[40,37,36,100,57,39],"class_list":{"0":"post-892","1":"product","2":"type-product","3":"status-publish","4":"has-post-thumbnail","6":"product_brand-aytens-taki","7":"product_cat-inci-kupe","8":"product_cat-kupe","9":"product_tag-dogal-inci","10":"product_tag-gercek-inci","11":"product_tag-inci","12":"product_tag-inci-yuzuk","13":"product_tag-kultur-incisi","14":"product_tag-tatli-su-incisi","15":"product_shipping_class-standart-kargo","17":"first","18":"instock","19":"purchasable","20":"product-type-simple"},"jetpack_publicize_connections":[],"jetpack_sharing_enabled":true,"_links":{"self":[{"href":"https:\/\/aytens.com\/magaza\/wp-json\/wp\/v2\/product\/892","targetHints":{"allow":["GET"]}}],"collection":[{"href":"https:\/\/aytens.com\/magaza\/wp-json\/wp\/v2\/product"}],"about":[{"href":"https:\/\/aytens.com\/magaza\/wp-json\/wp\/v2\/types\/product"}],"replies":[{"embeddable":true,"href":"https:\/\/aytens.com\/magaza\/wp-json\/wp\/v2\/comments?post=892"}],"wp:featuredmedia":[{"embeddable":true,"href":"https:\/\/aytens.com\/magaza\/wp-json\/wp\/v2\/media\/3141"}],"wp:attachment":[{"href":"https:\/\/aytens.com\/magaza\/wp-json\/wp\/v2\/media?parent=892"}],"wp:term":[{"taxonomy":"product_brand","embeddable":true,"href":"https:\/\/aytens.com\/magaza\/wp-json\/wp\/v2\/product_brand?post=892"},{"taxonomy":"product_cat","embeddable":true,"href":"https:\/\/aytens.com\/magaza\/wp-json\/wp\/v2\/product_cat?post=892"},{"taxonomy":"product_tag","embeddable":true,"href":"https:\/\/aytens.com\/magaza\/wp-json\/wp\/v2\/product_tag?post=892"}],"curies":[{"name":"wp","href":"https:\/\/api.w.org\/{rel}","templated":true}]}}